{"id":104091,"date":"2023-01-17T11:17:27","date_gmt":"2023-01-17T10:17:27","guid":{"rendered":"https:\/\/trzynasty.pl\/?page_id=104091"},"modified":"2023-01-17T11:17:27","modified_gmt":"2023-01-17T10:17:27","slug":"szkolenia-strzeleckie-2022","status":"publish","type":"page","link":"https:\/\/trzynasty.pl\/index.php\/szkolenia-strzeleckie-2022\/","title":{"rendered":"SZKOLENIA STRZELECKIE 2022"},"content":{"rendered":"<p>[vc_row][vc_column][vc_column_text uncode_shortcode_id=&#8221;136938&#8243;]<strong>ROCZNE SZKOLENIE STRZELECKIE ZALICZONE!<\/strong><\/p>\n<p><strong>\u00a0<\/strong>W dniu dzisiejszym 15.10.2022 r. na strzelnicy Klubu Sportowego \u201e\u015aWIT\u201d w Starachowicach realizowane by\u0142o szkolenie ogniowe z broni strzeleckiej dla kadet\u00f3w Kieleckiego Szwadronu Kawalerii im.13. Pu\u0142ku U\u0142an\u00f3w Wile\u0144skich. Szkolenie obejmowa\u0142o strzelanie z karabinku AK. G\u0142\u00f3wnym \u0107wicz\u0105cym byli nowi kadeci Kieleckiego Szwadronu Kawalerii. Po om\u00f3wieniu obowi\u0105zkowych kwestii bezpiecze\u0144stwa oraz organizacji zaj\u0119\u0107, kadeci uczestnicz\u0105cy w zaj\u0119ciach pobrali amunicj\u0119 i ustawili si\u0119 na linii wyj\u015bciowej, czekaj\u0105c a\u017c padnie komenda do rozpocz\u0119cia strzelania. Na zako\u0144czenie szkolenia om\u00f3wiono najcz\u0119\u015bciej pope\u0142niane b\u0142\u0119dy i wymieniono si\u0119 spostrze\u017ceniami, w celu wyeliminowania ich w przysz\u0142o\u015bci.[\/vc_column_text][vc_gallery el_id=&#8221;gallery-621261&#8243; medias=&#8221;104092,104093,104094,104095&#8243; gutter_size=&#8221;3&#8243; screen_lg=&#8221;1000&#8243; screen_md=&#8221;600&#8243; screen_sm=&#8221;480&#8243; single_overlay_opacity=&#8221;50&#8243; single_padding=&#8221;2&#8243; uncode_shortcode_id=&#8221;179775&#8243;][\/vc_column][\/vc_row]<\/p>\n","protected":false},"excerpt":{"rendered":"<p>[vc_row][vc_column][vc_column_text uncode_shortcode_id=&#8221;136938&#8243;]ROCZNE SZKOLENIE STRZELECKIE ZALICZONE! \u00a0W dniu dzisiejszym 15.10.2022 r. na strzelnicy Klubu Sportowego \u201e\u015aWIT\u201d w Starachowicach realizowane by\u0142o szkolenie [&hellip;]<\/p>\n","protected":false},"author":1,"featured_media":0,"parent":0,"menu_order":0,"comment_status":"closed","ping_status":"closed","template":"","meta":{"footnotes":""},"class_list":["post-104091","page","type-page","status-publish","hentry"],"_links":{"self":[{"href":"https:\/\/trzynasty.pl\/index.php\/wp-json\/wp\/v2\/pages\/104091","targetHints":{"allow":["GET"]}}],"collection":[{"href":"https:\/\/trzynasty.pl\/index.php\/wp-json\/wp\/v2\/pages"}],"about":[{"href":"https:\/\/trzynasty.pl\/index.php\/wp-json\/wp\/v2\/types\/page"}],"author":[{"embeddable":true,"href":"https:\/\/trzynasty.pl\/index.php\/wp-json\/wp\/v2\/users\/1"}],"replies":[{"embeddable":true,"href":"https:\/\/trzynasty.pl\/index.php\/wp-json\/wp\/v2\/comments?post=104091"}],"version-history":[{"count":2,"href":"https:\/\/trzynasty.pl\/index.php\/wp-json\/wp\/v2\/pages\/104091\/revisions"}],"predecessor-version":[{"id":104097,"href":"https:\/\/trzynasty.pl\/index.php\/wp-json\/wp\/v2\/pages\/104091\/revisions\/104097"}],"wp:attachment":[{"href":"https:\/\/trzynasty.pl\/index.php\/wp-json\/wp\/v2\/media?parent=104091"}],"curies":[{"name":"wp","href":"https:\/\/api.w.org\/{rel}","templated":true}]}}