{"id":103895,"date":"2022-01-18T15:46:32","date_gmt":"2022-01-18T14:46:32","guid":{"rendered":"http:\/\/trzynasty.pl\/?page_id=103895"},"modified":"2022-01-18T15:46:32","modified_gmt":"2022-01-18T14:46:32","slug":"szkolenie-kawaleryjskie-2021","status":"publish","type":"page","link":"https:\/\/trzynasty.pl\/index.php\/szkolenie-kawaleryjskie-2021\/","title":{"rendered":"SZKOLENIE KAWALERYJSKIE 2021"},"content":{"rendered":"<p>[vc_row][vc_column][vc_column_text]<em>Ukoronowaniem stara\u0144 uczestnik\u00f3w projektu by\u0142 wyjazd do Centrum Wyszkolenia Kawalerii Ochotniczej w Toporzysku. Uczestnicy projektu, podczas 7 dniowego kursu podstawowego trenowali w cyklach ca\u0142odziennych. Dzie\u0144 rozpoczyna\u0142 si\u0119 o godzinie 6:40, ko\u0144czy\u0142 o 22:30. Ka\u017cdego dnia odbywa\u0142y si\u0119 zaj\u0119cia ze sportowej jazdy konnej (1,5h), wojskowej jazdy konnej (1,5h), \u0107wiczenia w\u0142adania broni\u0105 bia\u0142\u0105, musztra piesza i konna, troczenie siode\u0142 wojskowych, weterynaria i zaj\u0119cia prowadzone przez zawodowych \u017co\u0142nierzy W.P. Po zako\u0144czeniu turnusu, ka\u017cdy kursant otrzyma\u0142 dyplom i \u015bwiadectwo, kt\u00f3re uprawniaj\u0105 ich do nazywania si\u0119 u\u0142anem Kawalerii Ochotniczej.<\/em>[\/vc_column_text][vc_gallery el_id=&#8221;gallery-853457&#8243; medias=&#8221;103896,103897,103898,103899,103900,103901,103902,103903,103904,103905,103906,103907,103908,103909,103910,103911,103912,103913,103914,103915,103916,103917,103918,103919,103920&#8243; gutter_size=&#8221;3&#8243; screen_lg=&#8221;1000&#8243; screen_md=&#8221;600&#8243; screen_sm=&#8221;480&#8243; single_overlay_opacity=&#8221;50&#8243; single_padding=&#8221;2&#8243; uncode_shortcode_id=&#8221;132507&#8243;][\/vc_column][\/vc_row]<\/p>\n","protected":false},"excerpt":{"rendered":"<p>[vc_row][vc_column][vc_column_text]Ukoronowaniem stara\u0144 uczestnik\u00f3w projektu by\u0142 wyjazd do Centrum Wyszkolenia Kawalerii Ochotniczej w Toporzysku. Uczestnicy projektu, podczas 7 dniowego kursu podstawowego [&hellip;]<\/p>\n","protected":false},"author":1,"featured_media":0,"parent":0,"menu_order":0,"comment_status":"closed","ping_status":"closed","template":"","meta":{"footnotes":""},"class_list":["post-103895","page","type-page","status-publish","hentry"],"_links":{"self":[{"href":"https:\/\/trzynasty.pl\/index.php\/wp-json\/wp\/v2\/pages\/103895","targetHints":{"allow":["GET"]}}],"collection":[{"href":"https:\/\/trzynasty.pl\/index.php\/wp-json\/wp\/v2\/pages"}],"about":[{"href":"https:\/\/trzynasty.pl\/index.php\/wp-json\/wp\/v2\/types\/page"}],"author":[{"embeddable":true,"href":"https:\/\/trzynasty.pl\/index.php\/wp-json\/wp\/v2\/users\/1"}],"replies":[{"embeddable":true,"href":"https:\/\/trzynasty.pl\/index.php\/wp-json\/wp\/v2\/comments?post=103895"}],"version-history":[{"count":2,"href":"https:\/\/trzynasty.pl\/index.php\/wp-json\/wp\/v2\/pages\/103895\/revisions"}],"predecessor-version":[{"id":103922,"href":"https:\/\/trzynasty.pl\/index.php\/wp-json\/wp\/v2\/pages\/103895\/revisions\/103922"}],"wp:attachment":[{"href":"https:\/\/trzynasty.pl\/index.php\/wp-json\/wp\/v2\/media?parent=103895"}],"curies":[{"name":"wp","href":"https:\/\/api.w.org\/{rel}","templated":true}]}}