{"id":103799,"date":"2022-01-14T14:37:55","date_gmt":"2022-01-14T13:37:55","guid":{"rendered":"http:\/\/trzynasty.pl\/?page_id=103799"},"modified":"2022-01-18T16:20:48","modified_gmt":"2022-01-18T15:20:48","slug":"dziejow-kawalerii-polskiej-xx-wieku","status":"publish","type":"page","link":"https:\/\/trzynasty.pl\/index.php\/dziejow-kawalerii-polskiej-xx-wieku\/","title":{"rendered":"Z DZIEJ\u00d3W KAWALERII POLSKIEJ XX WIEKU"},"content":{"rendered":"<p>[vc_row][vc_column][vc_column_text]<em>Z dziej\u00f3w kawalerii w XX wieku to cykl film\u00f3w, kt\u00f3ry poka\u017ce najwa\u017cniejsze wydarzenia z historii wsp\u00f3\u0142czesnej jazdy. W ramach cyklu b\u0119dzie mo\u017cna zobaczy\u0107 jak wygl\u0105da\u0142a i jak walczy\u0142a kawaleria od czas\u00f3w Wielkiej Wojny, a\u017c do dzi\u015b.<\/em><\/p>\n<p><strong><em>ODCINEK 1 &#8211; Oddzia\u0142 Wydzielony Wojska Polskiego mjr. \u201eHubala\u201d<\/em><\/strong><\/p>\n<p><em>Zapraszamy do obejrzenia pierwszego filmu z serii \u201eZ dziej\u00f3w kawalerii\u201d. Opowiada on o ostatnim \u017co\u0142nierzu Wojny Obronnej \u2013 majorze Henryku Dobrza\u0144skim ps. Hubal. Ten kontrowersyjny kawalerzysta nigdy nie zdj\u0105\u0142 munduru i nie z\u0142o\u017cy\u0142 broni. \u017by\u0142 zawsze tak jak chcia\u0142 i tak samo zgin\u0105\u0142, z pistoletem w gar\u015bci, za woln\u0105 i wielk\u0105 Rzeczpospolit\u0105.<\/em><\/p>\n<p><em>Scenariusz i re\u017cyseria: Przemys\u0142aw Bednarczyka<\/em><\/p>\n<p><em>Producent wykonawczy: Wytw\u00f3rnia Film\u00f3w i Widowisk Historycznych \u201eVIS\u201d<\/em>[\/vc_column_text][vc_gallery el_id=&#8221;gallery-174303&#8243; medias=&#8221;103956&#8243; gutter_size=&#8221;3&#8243; screen_lg=&#8221;1000&#8243; screen_md=&#8221;600&#8243; screen_sm=&#8221;480&#8243; single_overlay_opacity=&#8221;50&#8243; single_padding=&#8221;2&#8243; uncode_shortcode_id=&#8221;256383&#8243;][\/vc_column][\/vc_row]<\/p>\n","protected":false},"excerpt":{"rendered":"<p>[vc_row][vc_column][vc_column_text]Z dziej\u00f3w kawalerii w XX wieku to cykl film\u00f3w, kt\u00f3ry poka\u017ce najwa\u017cniejsze wydarzenia z historii wsp\u00f3\u0142czesnej jazdy. W ramach cyklu [&hellip;]<\/p>\n","protected":false},"author":1,"featured_media":0,"parent":0,"menu_order":0,"comment_status":"closed","ping_status":"closed","template":"","meta":{"footnotes":""},"class_list":["post-103799","page","type-page","status-publish","hentry"],"_links":{"self":[{"href":"https:\/\/trzynasty.pl\/index.php\/wp-json\/wp\/v2\/pages\/103799","targetHints":{"allow":["GET"]}}],"collection":[{"href":"https:\/\/trzynasty.pl\/index.php\/wp-json\/wp\/v2\/pages"}],"about":[{"href":"https:\/\/trzynasty.pl\/index.php\/wp-json\/wp\/v2\/types\/page"}],"author":[{"embeddable":true,"href":"https:\/\/trzynasty.pl\/index.php\/wp-json\/wp\/v2\/users\/1"}],"replies":[{"embeddable":true,"href":"https:\/\/trzynasty.pl\/index.php\/wp-json\/wp\/v2\/comments?post=103799"}],"version-history":[{"count":5,"href":"https:\/\/trzynasty.pl\/index.php\/wp-json\/wp\/v2\/pages\/103799\/revisions"}],"predecessor-version":[{"id":103958,"href":"https:\/\/trzynasty.pl\/index.php\/wp-json\/wp\/v2\/pages\/103799\/revisions\/103958"}],"wp:attachment":[{"href":"https:\/\/trzynasty.pl\/index.php\/wp-json\/wp\/v2\/media?parent=103799"}],"curies":[{"name":"wp","href":"https:\/\/api.w.org\/{rel}","templated":true}]}}