{"id":103792,"date":"2022-01-14T14:33:41","date_gmt":"2022-01-14T13:33:41","guid":{"rendered":"http:\/\/trzynasty.pl\/?page_id=103792"},"modified":"2022-01-14T14:34:46","modified_gmt":"2022-01-14T13:34:46","slug":"o-projekcie","status":"publish","type":"page","link":"https:\/\/trzynasty.pl\/index.php\/o-projekcie\/","title":{"rendered":"O PROJEKCIE"},"content":{"rendered":"<p>[vc_row][vc_column][vc_column_text uncode_shortcode_id=&#8221;756864&#8243;]<em>Projekt <strong>\u201eU\u0142ani Werbuj\u0105\u201d<\/strong> to unikatowy w skali ca\u0142ego kraju trzyletni program w kt\u00f3rym entuzja\u015bci kawalerii znajd\u0105 to, czego pr\u00f3\u017cno szuka\u0107 gdziekolwiek indziej. Co roku, pocz\u0105wszy od 2021, do 2023 o\u015bmiu kandydat\u00f3w, kt\u00f3rzy zg\u0142osz\u0105 si\u0119 do Kieleckiego Ochotniczego Szwadronu Kawalerii im. 13 Pu\u0142ku U\u0142an\u00f3w Wile\u0144skich, przejdzie szkolenie, kt\u00f3re uczyni z nich prawdziwych u\u0142an\u00f3w! Podczas kursu, mi\u0119dzy innymi, odb\u0119d\u0105 przeszkolenie medyczne i strzeleckie, odwiedz\u0105 najwa\u017cniejsze muzea wojskowo\u015bci w naszym kraju, wezm\u0105 udzia\u0142 w nagrywaniu film\u00f3w dokumentalnych, pojawi\u0105 si\u0119 w mundurach szwadronu na najwa\u017cniejszych uroczysto\u015bciach patriotycznych, a co najwa\u017cniejsze odb\u0119d\u0105 tygodniowy kurs w Centrum Wyszkolenia Kawalerii Ochotniczej w Toporzysku, kt\u00f3ry nauczy ich wszystkiego co trzeba umie\u0107, aby nazwa\u0107 si\u0119 kawalerzyst\u0105. Ka\u017cdy uczestnik, na czas szkolenia, zupe\u0142nie za darmo otrzyma kompletne umundurowanie i sprz\u0119t potrzebny do \u0107wicze\u0144.<\/em>[\/vc_column_text][vc_row_inner][vc_column_inner width=&#8221;1\/2&#8243;][vc_single_image media=&#8221;103793&#8243; media_width_percent=&#8221;100&#8243; uncode_shortcode_id=&#8221;155062&#8243;][\/vc_column_inner][vc_column_inner width=&#8221;1\/2&#8243;][vc_single_image media=&#8221;103794&#8243; media_width_percent=&#8221;100&#8243; uncode_shortcode_id=&#8221;102009&#8243;][\/vc_column_inner][\/vc_row_inner][\/vc_column][\/vc_row]<\/p>\n","protected":false},"excerpt":{"rendered":"<p>[vc_row][vc_column][vc_column_text uncode_shortcode_id=&#8221;756864&#8243;]Projekt \u201eU\u0142ani Werbuj\u0105\u201d to unikatowy w skali ca\u0142ego kraju trzyletni program w kt\u00f3rym entuzja\u015bci kawalerii znajd\u0105 to, czego pr\u00f3\u017cno [&hellip;]<\/p>\n","protected":false},"author":1,"featured_media":0,"parent":0,"menu_order":0,"comment_status":"closed","ping_status":"closed","template":"","meta":{"footnotes":""},"class_list":["post-103792","page","type-page","status-publish","hentry"],"_links":{"self":[{"href":"https:\/\/trzynasty.pl\/index.php\/wp-json\/wp\/v2\/pages\/103792","targetHints":{"allow":["GET"]}}],"collection":[{"href":"https:\/\/trzynasty.pl\/index.php\/wp-json\/wp\/v2\/pages"}],"about":[{"href":"https:\/\/trzynasty.pl\/index.php\/wp-json\/wp\/v2\/types\/page"}],"author":[{"embeddable":true,"href":"https:\/\/trzynasty.pl\/index.php\/wp-json\/wp\/v2\/users\/1"}],"replies":[{"embeddable":true,"href":"https:\/\/trzynasty.pl\/index.php\/wp-json\/wp\/v2\/comments?post=103792"}],"version-history":[{"count":3,"href":"https:\/\/trzynasty.pl\/index.php\/wp-json\/wp\/v2\/pages\/103792\/revisions"}],"predecessor-version":[{"id":103796,"href":"https:\/\/trzynasty.pl\/index.php\/wp-json\/wp\/v2\/pages\/103792\/revisions\/103796"}],"wp:attachment":[{"href":"https:\/\/trzynasty.pl\/index.php\/wp-json\/wp\/v2\/media?parent=103792"}],"curies":[{"name":"wp","href":"https:\/\/api.w.org\/{rel}","templated":true}]}}