{"id":103781,"date":"2022-01-14T14:21:27","date_gmt":"2022-01-14T13:21:27","guid":{"rendered":"http:\/\/trzynasty.pl\/?page_id=103781"},"modified":"2022-01-15T08:08:57","modified_gmt":"2022-01-15T07:08:57","slug":"partnerzy","status":"publish","type":"page","link":"https:\/\/trzynasty.pl\/index.php\/partnerzy\/","title":{"rendered":"PARTNERZY"},"content":{"rendered":"<p>[vc_row][vc_column width=&#8221;1\/3&#8243;][vc_single_image media=&#8221;103851&#8243; media_width_percent=&#8221;60&#8243; alignment=&#8221;center&#8221; uncode_shortcode_id=&#8221;137280&#8243; media_link=&#8221;url:https%3A%2F%2Fwww.gov.pl%2Fweb%2Fobrona-narodowa|title:Ministerstwo%20Obrony%20Narodowej|target:_blank&#8221;][vc_column_text uncode_shortcode_id=&#8221;163612&#8243;]<\/p>\n<p style=\"text-align: center;\">Ministerstwo Obrony Narodowej<\/p>\n<p>[\/vc_column_text][\/vc_column][vc_column width=&#8221;1\/3&#8243;][vc_single_image media=&#8221;103857&#8243; media_width_percent=&#8221;60&#8243; alignment=&#8221;center&#8221; uncode_shortcode_id=&#8221;952354&#8243; media_link=&#8221;url:https%3A%2F%2Fwww.kombatanci.gov.pl%2Fpl%2F|title:Urz%C4%85d%20do%20Spraw%20Kombatant%C3%B3w%20i%20Os%C3%B3b%20Represjonowanych|target:_blank&#8221;][vc_column_text uncode_shortcode_id=&#8221;195695&#8243;]<\/p>\n<p style=\"text-align: center;\">Urz\u0105d do Spraw Kombatant\u00f3w i Os\u00f3b Represjonowanych<\/p>\n<p>[\/vc_column_text][\/vc_column][vc_column width=&#8221;1\/3&#8243;][vc_single_image media=&#8221;103872&#8243; media_width_percent=&#8221;60&#8243; alignment=&#8221;center&#8221; uncode_shortcode_id=&#8221;175851&#8243; media_link=&#8221;url:https%3A%2F%2Fniw.gov.pl%2F|title:Narodowy%20Instytut%20Wolno%C5%9Bci|target:_blank&#8221;][vc_column_text uncode_shortcode_id=&#8221;828861&#8243;]<\/p>\n<p style=\"text-align: center;\">Narodowy Instytut Wolno\u015bci<\/p>\n<p>[\/vc_column_text][\/vc_column][\/vc_row][vc_row][vc_column width=&#8221;1\/3&#8243;][vc_single_image media=&#8221;103861&#8243; media_width_percent=&#8221;60&#8243; alignment=&#8221;center&#8221; uncode_shortcode_id=&#8221;200944&#8243; media_link=&#8221;url:https%3A%2F%2Fwww.kielce.uw.gov.pl%2F|title:%C5%9Awi%C4%99tokrzyski%20Urz%C4%85d%20Wojew%C3%B3dzki|target:_blank&#8221;][vc_column_text uncode_shortcode_id=&#8221;874805&#8243;]<\/p>\n<p style=\"text-align: center;\">\u015awi\u0119tokrzyski Urz\u0105d Wojew\u00f3dzki<\/p>\n<p>[\/vc_column_text][\/vc_column][vc_column width=&#8221;1\/3&#8243;][vc_single_image media=&#8221;103863&#8243; media_width_percent=&#8221;60&#8243; alignment=&#8221;center&#8221; uncode_shortcode_id=&#8221;164410&#8243; media_link=&#8221;url:https%3A%2F%2Fwww.swietokrzyskie.pro%2F|title:Urz%C4%85d%20Marsza%C5%82kowski%20Wojew%C3%B3dztwa%20%C5%9Awi%C4%99tokrzyskiego%20|target:_blank&#8221;][vc_column_text uncode_shortcode_id=&#8221;166202&#8243;]<\/p>\n<p style=\"text-align: center;\">Urz\u0105d Marsza\u0142kowski Wojew\u00f3dztwa \u015awi\u0119tokrzyskiego<\/p>\n<p>[\/vc_column_text][\/vc_column][vc_column width=&#8221;1\/3&#8243;][vc_single_image media=&#8221;103859&#8243; media_width_percent=&#8221;60&#8243; alignment=&#8221;center&#8221; uncode_shortcode_id=&#8221;149502&#8243; media_link=&#8221;url:http%3A%2F%2Fwww.um.kielce.pl%2F|title:Urz%C4%85d%20Miasta%20Kielce|target:_blank&#8221;][vc_column_text uncode_shortcode_id=&#8221;448371&#8243;]<\/p>\n<p style=\"text-align: center;\">Urz\u0105d Miasta Kielce<\/p>\n<p>[\/vc_column_text][\/vc_column][\/vc_row][vc_row][vc_column width=&#8221;1\/3&#8243;][vc_single_image media=&#8221;103870&#8243; media_width_percent=&#8221;60&#8243; alignment=&#8221;center&#8221; uncode_shortcode_id=&#8221;125239&#8243; media_link=&#8221;url:http%3A%2F%2Fkawaleria-ochotnicza.pl%2F|title:Federacja%20Kawalerii%20Ochotniczej%20|target:_blank&#8221;][vc_column_text uncode_shortcode_id=&#8221;104178&#8243;]<\/p>\n<p style=\"text-align: center;\">Federacja Kawalerii Ochotniczej<\/p>\n<p>[\/vc_column_text][\/vc_column][vc_column width=&#8221;1\/3&#8243;][vc_single_image media=&#8221;103868&#8243; media_width_percent=&#8221;60&#8243; alignment=&#8221;center&#8221; uncode_shortcode_id=&#8221;356585&#8243; media_link=&#8221;url:https%3A%2F%2Fwww.wojsko-polskie.pl%2F18dz%2F|title:Dywizja%20Zmechanizowana%20|target:_blank&#8221;][vc_column_text uncode_shortcode_id=&#8221;190415&#8243;]<\/p>\n<p style=\"text-align: center;\">18 Dywizja Zmechanizowana<\/p>\n<p>[\/vc_column_text][\/vc_column][vc_column width=&#8221;1\/3&#8243;][vc_single_image media=&#8221;103866&#8243; media_width_percent=&#8221;60&#8243; alignment=&#8221;center&#8221; uncode_shortcode_id=&#8221;627636&#8243; media_link=&#8221;url:%20https%3A%2F%2Fwww.wojsko-polskie.pl%2F25bkpow%2F|title:Brygada%20Kawalerii%20Powietrznej|target:_blank&#8221;][vc_column_text uncode_shortcode_id=&#8221;725880&#8243;]<\/p>\n<p style=\"text-align: center;\">25 Brygada Kawalerii Powietrznej<\/p>\n<p>[\/vc_column_text][\/vc_column][\/vc_row]<\/p>\n","protected":false},"excerpt":{"rendered":"<p>[vc_row][vc_column width=&#8221;1\/3&#8243;][vc_single_image media=&#8221;103851&#8243; media_width_percent=&#8221;60&#8243; alignment=&#8221;center&#8221; uncode_shortcode_id=&#8221;137280&#8243; media_link=&#8221;url:https%3A%2F%2Fwww.gov.pl%2Fweb%2Fobrona-narodowa|title:Ministerstwo%20Obrony%20Narodowej|target:_blank&#8221;][vc_column_text uncode_shortcode_id=&#8221;163612&#8243;] Ministerstwo Obrony Narodowej [\/vc_column_text][\/vc_column][vc_column width=&#8221;1\/3&#8243;][vc_single_image media=&#8221;103857&#8243; media_width_percent=&#8221;60&#8243; alignment=&#8221;center&#8221; uncode_shortcode_id=&#8221;952354&#8243; media_link=&#8221;url:https%3A%2F%2Fwww.kombatanci.gov.pl%2Fpl%2F|title:Urz%C4%85d%20do%20Spraw%20Kombatant%C3%B3w%20i%20Os%C3%B3b%20Represjonowanych|target:_blank&#8221;][vc_column_text uncode_shortcode_id=&#8221;195695&#8243;] Urz\u0105d [&hellip;]<\/p>\n","protected":false},"author":1,"featured_media":0,"parent":0,"menu_order":0,"comment_status":"closed","ping_status":"closed","template":"","meta":{"footnotes":""},"class_list":["post-103781","page","type-page","status-publish","hentry"],"_links":{"self":[{"href":"https:\/\/trzynasty.pl\/index.php\/wp-json\/wp\/v2\/pages\/103781","targetHints":{"allow":["GET"]}}],"collection":[{"href":"https:\/\/trzynasty.pl\/index.php\/wp-json\/wp\/v2\/pages"}],"about":[{"href":"https:\/\/trzynasty.pl\/index.php\/wp-json\/wp\/v2\/types\/page"}],"author":[{"embeddable":true,"href":"https:\/\/trzynasty.pl\/index.php\/wp-json\/wp\/v2\/users\/1"}],"replies":[{"embeddable":true,"href":"https:\/\/trzynasty.pl\/index.php\/wp-json\/wp\/v2\/comments?post=103781"}],"version-history":[{"count":21,"href":"https:\/\/trzynasty.pl\/index.php\/wp-json\/wp\/v2\/pages\/103781\/revisions"}],"predecessor-version":[{"id":103845,"href":"https:\/\/trzynasty.pl\/index.php\/wp-json\/wp\/v2\/pages\/103781\/revisions\/103845"}],"wp:attachment":[{"href":"https:\/\/trzynasty.pl\/index.php\/wp-json\/wp\/v2\/media?parent=103781"}],"curies":[{"name":"wp","href":"https:\/\/api.w.org\/{rel}","templated":true}]}}