{"id":103758,"date":"2022-01-14T14:11:43","date_gmt":"2022-01-14T13:11:43","guid":{"rendered":"http:\/\/trzynasty.pl\/?page_id=103758"},"modified":"2022-01-14T14:12:10","modified_gmt":"2022-01-14T13:12:10","slug":"kampanie-bitwy-1918-1920","status":"publish","type":"page","link":"https:\/\/trzynasty.pl\/index.php\/kampanie-bitwy-1918-1920\/","title":{"rendered":"KAMPANIE, BITWY 1918-1920"},"content":{"rendered":"<p>[vc_row][vc_column][vc_column_text uncode_shortcode_id=&#8221;156112&#8243;]<strong>KAMPANIE, BITWY, DZIA\u0141ANIA BOJOWE 1918-1920 ROKU<\/strong><\/p>\n<p>&nbsp;<\/p>\n<p>27.12.1918 r. \u2013 5.01.1918 r. \u2013 Okres samoobrony Wilna. Od 6.01.1919 r. Pu\u0142k walczy, jako oddzia\u0142 partyzancki majora W\u0142adys\u0142awa Dombrowskiego. Przebija si\u0119 z rejonu miasta Waka na po\u0142udnie. 16.01.1919 Pierwsze walki pod Wasiliszkami. 25.01.1919 r. pu\u0142k przekracza Niemen pod Orl\u0105.<\/p>\n<p>27.01.1919 r. &#8211;\u00a0 Zdobycie miasta Jeziornica \u2013 60 je\u0144c\u00f3w i 2 k.m.<\/p>\n<p>28.01.1919 r. &#8211; Zdobycie miasta Mie\u017cewicze \u2013 50 je\u0144c\u00f3w i bro\u0144 r\u0119czna<\/p>\n<p>29.01.1919 r. \u2013 Zdobycie miasta Ro\u017cany \u2013 30 je\u0144c\u00f3w i 1 k.m.<\/p>\n<p>05.02.1919 r. \u2013 Zdobycie st. kol. Linowo(Ukrai\u0144cy) \u2013 du\u017ce sk\u0142ady materia\u0142\u00f3w wojsk.<\/p>\n<p>08.02.1919 r. \u2013 Zdobycie st. kol. \u017babinka.<\/p>\n<p>09.021919 r. \u2013 Pierwsze spotkanie z 2 i 3 Pu\u0142kiem U\u0142an\u00f3w pod Brze\u015bciem Litewskim.<\/p>\n<p>09.02.1919 r. \u2013 Walki z Niemcami w Brze\u015bciu Litewskim; zaj\u0119cie miasta. Zdobyto: 30 je\u0144c\u00f3w, tabory, 2 samochody, 4 dzia\u0142a, 3 karabiny maszynowe, bro\u0144 r\u0119czn\u0105.<\/p>\n<p>13.02.1919 r. \u2013 Przegl\u0105d Pu\u0142ku przez genera\u0142a Listowskiego.<\/p>\n<p>25.02.1919 r. \u2013 Pu\u0142k bierze do niewoli czerwony ,,Szwadron Mazowiecki\u201d \u2013 90 je\u0144c\u00f3w z ko\u0144mi, 3 karabiny maszynowe. Dalsze walki w grupie genera\u0142a Listowskiego : zdobycie Janowa, A\u0144ska, Dereczyna, Bitenia, Swojatycz i Baranowicz. W okresie 23.05.1919 r. 24.06.1919 r. odpoczynek w rejonie Lida i reorganizacja, uzupe\u0142nienie broni i koni. 24.06.1919 r. \u2013 Pu\u0142k przekracza lini\u0119 okop\u00f3w z wojny \u015bwiatowej w rejonie Bakszty.<\/p>\n<p>27.06.1919 r. \u2013 Zagon na Mo\u0142odeczno oraz zdobycie Radoszkowicz \u2013 160 je\u0144c\u00f3w, 2 dzia\u0142a. W ofensywie na Mi\u0144sk Litewski pu\u0142k zdobywa Pierszaje, Wo\u0142o\u017cyn, Wolm\u0119, Rak\u00f3w, Oziory<\/p>\n<p>i Bohdan\u00f3w.<\/p>\n<p>14.08.1919 r. \u2013 Przemarsz przez zdobyty Mi\u0144sk Litewski.<\/p>\n<p>18.08.1919 r. \u2013 Zdobycie miasta Smolewicza i osi\u0105gni\u0119cie rzeki Berezyny.<\/p>\n<p>21.08.1919 r. \u2013 Zdobycie miasta Ziembina, miasta M\u015bci\u017c. Odej\u015bcie na odpoczynek do miasta \u0141ohojsk.<\/p>\n<p>04.09.1919 r. \u2013 Przekroczenie Berezyny oraz zagon na Cho\u0142opienicze i st. kol. Krupki.<\/p>\n<p>16\/17.10.1919 r. \u2013 Obrona w rejonie miasta Brody nad Berezyn\u0105 \u2013 65 je\u0144c\u00f3w, bro\u0144.<\/p>\n<p>10.11.1919 r. \u2013 15.01.1920 r. \u2013 Pu\u0142k trzyma lini\u0119 frontu d\u0142ugo\u015bci 40 km. Burowlane, Behomla, Zamosze, Wo\u0142cza.<\/p>\n<p>15.01.1920 r. \u2013 Pu\u0142k przechodzi do Wilna<\/p>\n<p>Od 23.04.1920 r. \u2013 Na linii demarkacyjnej polsko-litewskiej w rejonie Poszyrwi\u0144cia.<\/p>\n<p>17.05.1920 r. \u2013 Pu\u0142k wraca do Wilna.<\/p>\n<p>28.06.1920 r. \u2013 Transportem kolejowym do miasta Ignalino.<\/p>\n<p>04.07.1920 r. \u2013 Ci\u0119\u017ckie walki w rejonie Bia\u0142e B\u0142ota nad rzek\u0105 Dzisn\u0105.<\/p>\n<p>05.-21.07.1920 r. \u2013 Pu\u0142k op\u00f3\u017ania odwr\u00f3t. Walki w rejonie Postawy, Twerecz, \u0141yntupy, \u0141awaryszki, Zuprany, Skidel, Grodno.<\/p>\n<p>21.07.1920 r. \u2013 Os\u0142ona przeprawy 10. Dywizj\u0119 Piechoty przez Niemen w rejonie Pieski. Przekroczenie Niemna.<\/p>\n<p>25.07.1920 r. \u2013 Pu\u0142k stacza ca\u0142odzienn\u0105 bitw\u0119 pod Janowem (k. Sok\u00f3\u0142ki). Kolejne szar\u017ce<\/p>\n<p>i obrona piesza przeciwko 15. Dywizji Kawalerii bolszewickiej. Na dob\u0119 wstrzymuje post\u0119py korpusu kawalerii Gaja<\/p>\n<p>27.07.1920 r. \u2013 13.08.1920 r. \u2013 Walki pod Knyszynem, Osowcem, Tykocinem i n\/Narwi\u0105.<\/p>\n<p>14.08.1920 r. \u2013 Pu\u0142k osi\u0105ga rejon Zegrze \u2013 Jab\u0142onna.<\/p>\n<p>Od 19.08.1920 r. \u2013 Po\u015bcig. Walki pod miasto Krzywow\u0142oki Wielkie i Ma\u0142e oraz miasto Myszyniec.<\/p>\n<p>25.08.-28.08.1920 r. \u2013 Post\u00f3j w rejonie \u0141om\u017cy, po czym transport kolejowy do miasto Sok\u00f3\u0142ka.<\/p>\n<p>Od 29.08.1920 r. \u2013 Po\u015bcig w kierunku: Indura, \u0141unne, \u017bo\u0142udek, Bielica, Nowogr\u00f3dek, Szczara. Przekroczenie Niemna.<\/p>\n<p>4\/5.10.1920 r. \u2013 Walki w rejonie Kojdan\u00f3w.<\/p>\n<p>06.10.1920 r. \u2013 2 szwadrony pu\u0142ku osi\u0105gaj\u0105 dworzec kolejowy Mi\u0144sk Litewski.<\/p>\n<p>10.10.1920 r. \u2013 Przerwanie walk.<\/p>\n<p>17.10.1920 r. \u2013 Pu\u0142k wchodzi w sk\u0142ad wojsk Litwy \u015arodkowej.<\/p>\n<p>19.10.1920 r. &#8211; Pierwszy zagon na Szyrwinty. Wzi\u0119to do niewoli litewskiego genera\u0142 Nasibke wraz z jego sztabem, 80 szeregowc\u00f3w, 50 koni, radiostacj\u0119, samoch\u00f3d i tabor.<\/p>\n<p>27-29.10.1920 r. \u2013 Drugi zagon na Pozelw\u0119.<\/p>\n<p>17-24.11.1920 r. \u2013 Trzeci zagon na Pozelw\u0119-Kowarsk-Pogiry-Kiejdany. Zawieszenie broni mi\u0119dzy Litw\u0105 \u015arodkow\u0105 a Litw\u0105 Kowie\u0144sk\u0105. Wojska litewskie d\u0105\u017c\u0105 do otoczenia i likwidacji Wile\u0144skiej Brygady Kawalerii. Po ci\u0119\u017ckich walkach Brygada przebija pier\u015bcie\u0144 wojsk litewskich i osi\u0105ga miasto \u015awi\u0119ciany. Koniec walk.[\/vc_column_text][\/vc_column][\/vc_row]<\/p>\n","protected":false},"excerpt":{"rendered":"<p>[vc_row][vc_column][vc_column_text uncode_shortcode_id=&#8221;156112&#8243;]KAMPANIE, BITWY, DZIA\u0141ANIA BOJOWE 1918-1920 ROKU &nbsp; 27.12.1918 r. \u2013 5.01.1918 r. \u2013 Okres samoobrony Wilna. Od 6.01.1919 r. [&hellip;]<\/p>\n","protected":false},"author":1,"featured_media":0,"parent":0,"menu_order":0,"comment_status":"closed","ping_status":"closed","template":"","meta":{"footnotes":""},"class_list":["post-103758","page","type-page","status-publish","hentry"],"_links":{"self":[{"href":"https:\/\/trzynasty.pl\/index.php\/wp-json\/wp\/v2\/pages\/103758","targetHints":{"allow":["GET"]}}],"collection":[{"href":"https:\/\/trzynasty.pl\/index.php\/wp-json\/wp\/v2\/pages"}],"about":[{"href":"https:\/\/trzynasty.pl\/index.php\/wp-json\/wp\/v2\/types\/page"}],"author":[{"embeddable":true,"href":"https:\/\/trzynasty.pl\/index.php\/wp-json\/wp\/v2\/users\/1"}],"replies":[{"embeddable":true,"href":"https:\/\/trzynasty.pl\/index.php\/wp-json\/wp\/v2\/comments?post=103758"}],"version-history":[{"count":3,"href":"https:\/\/trzynasty.pl\/index.php\/wp-json\/wp\/v2\/pages\/103758\/revisions"}],"predecessor-version":[{"id":103760,"href":"https:\/\/trzynasty.pl\/index.php\/wp-json\/wp\/v2\/pages\/103758\/revisions\/103760"}],"wp:attachment":[{"href":"https:\/\/trzynasty.pl\/index.php\/wp-json\/wp\/v2\/media?parent=103758"}],"curies":[{"name":"wp","href":"https:\/\/api.w.org\/{rel}","templated":true}]}}