{"id":103751,"date":"2022-01-14T14:06:27","date_gmt":"2022-01-14T13:06:27","guid":{"rendered":"http:\/\/trzynasty.pl\/?page_id=103751"},"modified":"2022-01-14T14:07:24","modified_gmt":"2022-01-14T13:07:24","slug":"20-lecie-miedzywojenne","status":"publish","type":"page","link":"https:\/\/trzynasty.pl\/index.php\/20-lecie-miedzywojenne\/","title":{"rendered":"20-LECIE MI\u0118DZYWOJENNE"},"content":{"rendered":"<p>[vc_row][vc_column][vc_column_text uncode_shortcode_id=&#8221;600456&#8243;]<strong>13 PU\u0141K U\u0141AN\u00d3W WILE\u0143SKICH W 20 &#8211; LECIU MI\u0118DZY WOJENNYM<\/strong><\/p>\n<p>Pu\u0142k U\u0142an\u00f3w prawie przez ca\u0142y rok 1921 pe\u0142ni\u0142 s\u0142u\u017cb\u0119 na linii demarkacyjnej z Litwinami i dopiero 13 kwietnia 1922 roku zosta\u0142 przewieziony transportem kolejowym do G\u0142\u0119bokiego, gdzie pozosta\u0142 do jesieni tego roku, walcz\u0105c z dywersj\u0105 sowieck\u0105 na granicy pa\u0144stwa. Jednocze\u015bnie nowym dow\u00f3dc\u0105 Pu\u0142ku zosta\u0142 podpu\u0142kownik Terencjusz O\u2019Brien de Lacy, ju\u017c w sierpniu tego\u017c roku zdaj\u0105c go w r\u0119ce pu\u0142kownika Tadeusza Brzozowskiego. We wrze\u015bniu 1922 roku Pu\u0142k przeszed\u0142 do swego sta\u0142ego ju\u017c garnizonu pokojowego.<\/p>\n<p>W kwietniu 1925 roku Pu\u0142k obj\u0105\u0142 pu\u0142kownik Aleksander Kunicki i zda\u0142 go we wrze\u015bniu 1927 roku podpu\u0142kownikowi dyplomowanemu Adamowi Korytowskiemu. Nast\u0119pnym dow\u00f3dc\u0105 Pu\u0142ku od kwietnia 1930 roku by\u0142 podpu\u0142kownik Czes\u0142aw Chmielewski. Za jego dow\u00f3dztwa w roku 1936 Ministerstwo Spraw Wojskowych nada\u0142o 1 szwadronowi nazw\u0119 ,,Szwadron U\u0142an\u00f3w Tatarskich\u201d, nawi\u0105zuj\u0105c w ten spos\u00f3b do wszystkich oddzia\u0142\u00f3w tatarskich w Wojsku Polskim na przestrzeni dziej\u00f3w, a ostatnio do w\u0142\u0105czonego do 13. Pu\u0142ku U\u0142an\u00f3w cz\u0119\u015bci rozwi\u0105zanego w roku 1920 Pu\u0142ku Jazdy Tatarskiej.<\/p>\n<p>Od marca 1937 roku Pu\u0142kiem dowodzi\u0142 pu\u0142kownik Kazimierz \u017belis\u0142awski, przeniesiony w marcu 1939 roku na inne stanowisko. Dopiero w lipcu 1939 roku nowym dow\u00f3dc\u0105 zosta\u0142 pu\u0142kownik dyplomowany J\u00f3zef Szostak i on dowodzi\u0142 Pu\u0142kiem w kampanii wrze\u015bniowej.<\/p>\n<p><strong>Autor tekstu: Les\u0142aw Kukawski<\/strong>[\/vc_column_text][\/vc_column][\/vc_row]<\/p>\n","protected":false},"excerpt":{"rendered":"<p>[vc_row][vc_column][vc_column_text uncode_shortcode_id=&#8221;600456&#8243;]13 PU\u0141K U\u0141AN\u00d3W WILE\u0143SKICH W 20 &#8211; LECIU MI\u0118DZY WOJENNYM Pu\u0142k U\u0142an\u00f3w prawie przez ca\u0142y rok 1921 pe\u0142ni\u0142 s\u0142u\u017cb\u0119 [&hellip;]<\/p>\n","protected":false},"author":1,"featured_media":0,"parent":0,"menu_order":0,"comment_status":"closed","ping_status":"closed","template":"","meta":{"footnotes":""},"class_list":["post-103751","page","type-page","status-publish","hentry"],"_links":{"self":[{"href":"https:\/\/trzynasty.pl\/index.php\/wp-json\/wp\/v2\/pages\/103751","targetHints":{"allow":["GET"]}}],"collection":[{"href":"https:\/\/trzynasty.pl\/index.php\/wp-json\/wp\/v2\/pages"}],"about":[{"href":"https:\/\/trzynasty.pl\/index.php\/wp-json\/wp\/v2\/types\/page"}],"author":[{"embeddable":true,"href":"https:\/\/trzynasty.pl\/index.php\/wp-json\/wp\/v2\/users\/1"}],"replies":[{"embeddable":true,"href":"https:\/\/trzynasty.pl\/index.php\/wp-json\/wp\/v2\/comments?post=103751"}],"version-history":[{"count":3,"href":"https:\/\/trzynasty.pl\/index.php\/wp-json\/wp\/v2\/pages\/103751\/revisions"}],"predecessor-version":[{"id":103753,"href":"https:\/\/trzynasty.pl\/index.php\/wp-json\/wp\/v2\/pages\/103751\/revisions\/103753"}],"wp:attachment":[{"href":"https:\/\/trzynasty.pl\/index.php\/wp-json\/wp\/v2\/media?parent=103751"}],"curies":[{"name":"wp","href":"https:\/\/api.w.org\/{rel}","templated":true}]}}