{"id":103742,"date":"2022-01-14T14:02:56","date_gmt":"2022-01-14T13:02:56","guid":{"rendered":"http:\/\/trzynasty.pl\/?page_id=103742"},"modified":"2022-01-14T14:02:56","modified_gmt":"2022-01-14T13:02:56","slug":"formowanie","status":"publish","type":"page","link":"https:\/\/trzynasty.pl\/index.php\/formowanie\/","title":{"rendered":"FORMOWANIE"},"content":{"rendered":"<p>[vc_row][vc_column][vc_column_text uncode_shortcode_id=&#8221;139721&#8243;]<strong>FORMOWANIE 13. PU\u0141KU U\u0141AN\u00d3W WILE\u0143SKICH<\/strong><\/p>\n<p>22 grudnia 1918 roku wszystkie oddzia\u0142y konne ,,Samoobrony krajowej Litwy i Bia\u0142orusi\u201d, kt\u00f3re znajdowa\u0142y si\u0119 w pobli\u017cu Wilna, po\u0142\u0105czy\u0142y si\u0119 w maj\u0105tku Po\u015bpieszka i w par\u0119 dni p\u00f3\u017aniej przyj\u0119\u0142y nazw\u0119 1. Pu\u0142ku U\u0142an\u00f3w Wile\u0144skich. Pu\u0142k zorganizowany na wz\u00f3r rosyjskich sk\u0142ada\u0142 si\u0119 w\u00f3wczas z dw\u00f3ch szwadron\u00f3w liniowych, oddzia\u0142u karabin\u00f3w maszynowych i oddzia\u0142u pionier\u00f3w, a liczy\u0142 25 oficer\u00f3w, 160 u\u0142an\u00f3w i 4 karabiny maszynowe. Stan pu\u0142ku powi\u0119ksza\u0142 si\u0119 stale przez nap\u0142yw nowych ochotnik\u00f3w i mniejszych oddzia\u0142\u00f3w z dalszych powiat\u00f3w.<\/p>\n<p>31 grudnia, po rozbrojeniu Niemc\u00f3w w Wilnie i przej\u0119ciu tam w\u0142adzy przez dow\u00f3dc\u0119 Samoobrony, kt\u00f3rym by\u0142 wyznaczony przez Naczelnego Wodza J\u00f3zefa Pi\u0142sudskiego genera\u0142 W\u0142adys\u0142aw Wejtko, w pu\u0142ku zorganizowano ju\u017c 3 szwadrony.<\/p>\n<p>Na dow\u00f3dc\u0119 pu\u0142ku zosta\u0142 wyznaczony najstarszy oficer &#8211; rotmistrz W\u0142adys\u0142aw D\u0105browski.<\/p>\n<p>Pierwsza obsada dow\u00f3dc\u00f3w by\u0142a nast\u0119puj\u0105ca:<\/p>\n<p>Szwadron 1- porucznik Adam Zahorski;<\/p>\n<p>Szwadron 2 &#8211; porucznik Olgierd Oskierko;<\/p>\n<p>Szwadron 3 &#8211; porucznik Konstanty Drucki-Lubecki;<\/p>\n<p>Oddzia\u0142 Karabin\u00f3w Maszynowych &#8211; kapitan Bronis\u0142aw W\u0105sowski;<\/p>\n<p>Oddzia\u0142 Konnych Pionier\u00f3w &#8211; rotmistrz Miko\u0142aj Michniewicz-Hetman.<\/p>\n<p>Oficerowie i podoficerowie wywodzili si\u0119 z armii carskiej, a uprzednio przewa\u017cnie s\u0142u\u017cyli w Korpusach Polskich w Rosji, natomiast u\u0142ani, to przewa\u017cnie ochotnicy, w du\u017cym procencie inteligenci, z w\u0142asnymi ko\u0144mi. Uzbrojenie, umundurowanie i wyposa\u017cenie by\u0142o rozmaite. Cz\u0119\u015bciowo po rosyjskie, cz\u0119\u015bciowo odebrane Niemcom, ale tak\u017ce jeszcze i cywilne.[\/vc_column_text][\/vc_column][\/vc_row]<\/p>\n","protected":false},"excerpt":{"rendered":"<p>[vc_row][vc_column][vc_column_text uncode_shortcode_id=&#8221;139721&#8243;]FORMOWANIE 13. PU\u0141KU U\u0141AN\u00d3W WILE\u0143SKICH 22 grudnia 1918 roku wszystkie oddzia\u0142y konne ,,Samoobrony krajowej Litwy i Bia\u0142orusi\u201d, kt\u00f3re znajdowa\u0142y [&hellip;]<\/p>\n","protected":false},"author":1,"featured_media":0,"parent":0,"menu_order":0,"comment_status":"closed","ping_status":"closed","template":"","meta":{"footnotes":""},"class_list":["post-103742","page","type-page","status-publish","hentry"],"_links":{"self":[{"href":"https:\/\/trzynasty.pl\/index.php\/wp-json\/wp\/v2\/pages\/103742","targetHints":{"allow":["GET"]}}],"collection":[{"href":"https:\/\/trzynasty.pl\/index.php\/wp-json\/wp\/v2\/pages"}],"about":[{"href":"https:\/\/trzynasty.pl\/index.php\/wp-json\/wp\/v2\/types\/page"}],"author":[{"embeddable":true,"href":"https:\/\/trzynasty.pl\/index.php\/wp-json\/wp\/v2\/users\/1"}],"replies":[{"embeddable":true,"href":"https:\/\/trzynasty.pl\/index.php\/wp-json\/wp\/v2\/comments?post=103742"}],"version-history":[{"count":2,"href":"https:\/\/trzynasty.pl\/index.php\/wp-json\/wp\/v2\/pages\/103742\/revisions"}],"predecessor-version":[{"id":103744,"href":"https:\/\/trzynasty.pl\/index.php\/wp-json\/wp\/v2\/pages\/103742\/revisions\/103744"}],"wp:attachment":[{"href":"https:\/\/trzynasty.pl\/index.php\/wp-json\/wp\/v2\/media?parent=103742"}],"curies":[{"name":"wp","href":"https:\/\/api.w.org\/{rel}","templated":true}]}}