{"id":103722,"date":"2022-01-14T13:29:12","date_gmt":"2022-01-14T12:29:12","guid":{"rendered":"http:\/\/trzynasty.pl\/?page_id=103722"},"modified":"2022-01-14T13:29:12","modified_gmt":"2022-01-14T12:29:12","slug":"odznaka","status":"publish","type":"page","link":"https:\/\/trzynasty.pl\/index.php\/odznaka\/","title":{"rendered":"ODZNAKA"},"content":{"rendered":"<p>[vc_row][vc_column][vc_column_text uncode_shortcode_id=&#8221;165761&#8243;]<strong>ODZNAKA PAMI\u0104TKOWA 13 PU\u0141KU U\u0141AN\u00d3W WILE\u0143SKICH <\/strong><\/p>\n<p>Odznaka 13. Pu\u0142ku U\u0142an\u00f3w Wile\u0144skich zosta\u0142a ustanowiona przez zebranie og\u00f3lne oficer\u00f3w Pu\u0142ku w 1924 roku. Prawo jej nadawania mia\u0142a pi\u0119cioosobowa Komisja Nadawcza wybrana spo\u015br\u00f3d oficer\u00f3w s\u0142u\u017c\u0105cych w Pu\u0142ku.<\/p>\n<p>Odznaka wraz z pierwszym regulaminem zosta\u0142a zatwierdzona Dziennikiem Rozkaz\u00f3w Nr 16, poz. 243 z 24 kwietnia1924 roku a drugim poprawiony regulamin Dziennik Rozkaz\u00f3w Ministerstwa Spraw Wojskowych Nr 20 poz. 198 z 21 czerwca 1929 roku. W my\u015bl regulaminu z 1924 roku nadawana j\u0105 oficerom po roku s\u0142u\u017cby w Pu\u0142ku, szeregowym po sze\u015bciu miesi\u0105cach s\u0142u\u017cby. Legitymacje podpisywa\u0142 przewodnicz\u0105cy komisji i sekretarz.<\/p>\n<p>Odznaka dwucz\u0119\u015bciowa o wymiarach 40 x 40 mm ma kszta\u0142t krzy\u017ca malta\u0144skiego o ramionach pokrytych emalia \u017c\u0142obkowan\u0105 barwy r\u00f3\u017cowej,\u00a0 w nawi\u0105zaniu do barwy proporczyka pu\u0142kowego. Po\u015brodku krzy\u017ca umieszczony jest z\u0142ocony ryngraf z wizerunkiem Matki Boskiej Ostrobramskiej.<\/p>\n<p>Wykonawc\u0105 oficerskiej i \u017co\u0142nierskiej, bitych w srebrze i tombaku, przes\u0142anych przez Gabinet ministerstwa Spraw wojskowych do Muzeum Wojska w 1924 roku by\u0142 Zalman Liwszyc w Wilnie, ul. Wielka 44. Innym wykonawca odznaki by\u0142 Teodor Filipski w Wilnie, ul. Zamkowa.<\/p>\n<p>W roku 1928 wprowadzony zosta\u0142 zwyczaj nadawania szczeg\u00f3lnie zas\u0142u\u017conym dla Pu\u0142ku oficerom i osobom cywilnym, z\u0142otego Pier\u015bcienia Pu\u0142kowego w kszta\u0142cie sygnetu. Jednak ten kosztowny zwyczaj przetrwa\u0142 tylko do 1932 roku.[\/vc_column_text][\/vc_column][\/vc_row]<\/p>\n","protected":false},"excerpt":{"rendered":"<p>[vc_row][vc_column][vc_column_text uncode_shortcode_id=&#8221;165761&#8243;]ODZNAKA PAMI\u0104TKOWA 13 PU\u0141KU U\u0141AN\u00d3W WILE\u0143SKICH Odznaka 13. Pu\u0142ku U\u0142an\u00f3w Wile\u0144skich zosta\u0142a ustanowiona przez zebranie og\u00f3lne oficer\u00f3w Pu\u0142ku w [&hellip;]<\/p>\n","protected":false},"author":1,"featured_media":0,"parent":0,"menu_order":0,"comment_status":"closed","ping_status":"closed","template":"","meta":{"footnotes":""},"class_list":["post-103722","page","type-page","status-publish","hentry"],"_links":{"self":[{"href":"https:\/\/trzynasty.pl\/index.php\/wp-json\/wp\/v2\/pages\/103722","targetHints":{"allow":["GET"]}}],"collection":[{"href":"https:\/\/trzynasty.pl\/index.php\/wp-json\/wp\/v2\/pages"}],"about":[{"href":"https:\/\/trzynasty.pl\/index.php\/wp-json\/wp\/v2\/types\/page"}],"author":[{"embeddable":true,"href":"https:\/\/trzynasty.pl\/index.php\/wp-json\/wp\/v2\/users\/1"}],"replies":[{"embeddable":true,"href":"https:\/\/trzynasty.pl\/index.php\/wp-json\/wp\/v2\/comments?post=103722"}],"version-history":[{"count":2,"href":"https:\/\/trzynasty.pl\/index.php\/wp-json\/wp\/v2\/pages\/103722\/revisions"}],"predecessor-version":[{"id":103724,"href":"https:\/\/trzynasty.pl\/index.php\/wp-json\/wp\/v2\/pages\/103722\/revisions\/103724"}],"wp:attachment":[{"href":"https:\/\/trzynasty.pl\/index.php\/wp-json\/wp\/v2\/media?parent=103722"}],"curies":[{"name":"wp","href":"https:\/\/api.w.org\/{rel}","templated":true}]}}