{"id":103718,"date":"2022-01-14T13:27:58","date_gmt":"2022-01-14T12:27:58","guid":{"rendered":"http:\/\/trzynasty.pl\/?page_id=103718"},"modified":"2022-01-14T13:27:58","modified_gmt":"2022-01-14T12:27:58","slug":"swieto-pulku","status":"publish","type":"page","link":"https:\/\/trzynasty.pl\/index.php\/swieto-pulku\/","title":{"rendered":"\u015aWI\u0118TO PU\u0141KU"},"content":{"rendered":"<p>[vc_row][vc_column][vc_column_text uncode_shortcode_id=&#8221;775111&#8243;]<strong>\u015aWI\u0118TO 13 PU\u0141KU U\u0141AN\u00d3W WILE\u0143SKICH<\/strong><\/p>\n<p>\u015awi\u0119to Pu\u0142ku obchodzone by\u0142o w dniu 25 lipca,\u00a0 w rocznic\u0119 bitwy pod Janowem 1920 roku. Nast\u0119pnego dnia rozpoczyna\u0142y si\u0119 zwyk\u0142e manewry jesienne. Oficerowie prosto z balu, organizowanego corocznie z tej okazji, wyje\u017cd\u017cali na manewry, co by\u0142o najlepszym przyk\u0142adem typowo kawaleryjskiej fantazji.<\/p>\n<p>Do zwyczaj\u00f3w pu\u0142kowych nale\u017ca\u0142y bale sylwestrowe. W dniu tym oficerowie pu\u0142ku z ma\u0142\u017conkami oraz zaproszeni go\u015bcie, o godzinie 21, 00 zasiadali w kasynie oficerskim do kolacji sylwestrowej. Trwa\u0142a ona do p\u00f3\u0142nocy. Gdy nadesz\u0142a godzina 24, 00 orkiestra pu\u0142kowa wystukiwa\u0142a na mosi\u0119\u017cnych talerzach 24 uderzenia. Wraz z ostatnim uderzeniem odgrywa\u0142a hymn pa\u0144stwowy i bezpo\u015brednio po nim marsz Pu\u0142kowy. Gdy orkiestra przestawa\u0142a gra\u0107, dow\u00f3dca Pu\u0142ku w kr\u00f3tkich s\u0142owach \u017cegna\u0142 stary rok i wita\u0142 nowy, przy czym wszyscy obecni sk\u0142adali sobie \u017cyczenia. Nast\u0119pnie, para za par\u0105 polonezowym krokiem, z dow\u00f3dc\u0105 Pu\u0142ku\u00a0 na czele, udawali si\u0119 do pobliskiego kasyna garnizonowego, by wymieni\u0107 \u017cyczenia z oficerami i ich rodzinami z miejscowego 85. Pu\u0142ku Strzelc\u00f3w Wile\u0144skich i 19. Pu\u0142ku Artylerii Lekkiej. Tam wszyscy zajmowali miejsca przy stolikach i wtedy dopiero rozpoczyna\u0142 si\u0119 bal sylwestrowy. Zawsze sympatyczny, weso\u0142y i beztroski.<\/p>\n<p>Corocznie, po zako\u0144czeniu manewr\u00f3w i po powrocie Pu\u0142ku do koszar w kasynie oficerskim odbywa\u0142y si\u0119 bale, na kt\u00f3re zje\u017cd\u017ca\u0142o ziemia\u0144stwo z Wile\u0144szczyzny wraz z rodzinami (z pannami!)<\/p>\n<p>Do dobrego zwyczaju towarzyskiego nale\u017ca\u0142o, aby dow\u00f3dcy szwadron\u00f3w i m\u0142odsi oficerowie wypijali bruderszaft z podchor\u0105\u017cymi rezerwy ze swoich szwadron\u00f3w. Wi\u0105za\u0142o to podchor\u0105\u017cych z Pu\u0142kiem. Nawi\u0105za\u0142y si\u0119 bliskie wi\u0119zy towarzyskie. Podchor\u0105\u017cowie uczestniczyli w \u015bwi\u0119tach Pu\u0142kowych i w biegach my\u015bliwskich.<\/p>\n<p>W roku 1928 \u017co\u0142nierze Pu\u0142ku, otrzymali na gwiazdk\u0119 oraz na \u015awi\u0119to Pu\u0142kowe, hojne dary od hrabiny El\u017cbiety Mikulicz &#8211; Radeckiej z Belmontu, kt\u00f3ra posiada\u0142a honorowy tytu\u0142 Matki Pu\u0142ku.<\/p>\n<p>Drugim dniem uroczystym by\u0142 dzie\u0144 17 pa\u017adziernika, dzie\u0144 pierwszego \u015awi\u0119ta Pu\u0142kowego, ustanowionego na pami\u0105tk\u0119 przej\u015bcia Pu\u0142ku do Woronian, w dniu 17 pa\u017adziernika 1920 roku tj. na teren Litwy \u015arodkowej.<\/p>\n<p>Trzecim dniem \u015bwi\u0105tecznym obchodzonym w Pu\u0142ku by\u0142 dzie\u0144 \u015bmierci \u015b. p. majora W\u0142adys\u0142awa D\u0105browskiego za\u0142o\u017cyciela i pierwszego dow\u00f3dcy 13-go Pu\u0142ku U\u0142an\u00f3w Wile\u0144skich<strong>.<\/strong>[\/vc_column_text][\/vc_column][\/vc_row]<\/p>\n","protected":false},"excerpt":{"rendered":"<p>[vc_row][vc_column][vc_column_text uncode_shortcode_id=&#8221;775111&#8243;]\u015aWI\u0118TO 13 PU\u0141KU U\u0141AN\u00d3W WILE\u0143SKICH \u015awi\u0119to Pu\u0142ku obchodzone by\u0142o w dniu 25 lipca,\u00a0 w rocznic\u0119 bitwy pod Janowem 1920 [&hellip;]<\/p>\n","protected":false},"author":1,"featured_media":0,"parent":0,"menu_order":0,"comment_status":"closed","ping_status":"closed","template":"","meta":{"footnotes":""},"class_list":["post-103718","page","type-page","status-publish","hentry"],"_links":{"self":[{"href":"https:\/\/trzynasty.pl\/index.php\/wp-json\/wp\/v2\/pages\/103718","targetHints":{"allow":["GET"]}}],"collection":[{"href":"https:\/\/trzynasty.pl\/index.php\/wp-json\/wp\/v2\/pages"}],"about":[{"href":"https:\/\/trzynasty.pl\/index.php\/wp-json\/wp\/v2\/types\/page"}],"author":[{"embeddable":true,"href":"https:\/\/trzynasty.pl\/index.php\/wp-json\/wp\/v2\/users\/1"}],"replies":[{"embeddable":true,"href":"https:\/\/trzynasty.pl\/index.php\/wp-json\/wp\/v2\/comments?post=103718"}],"version-history":[{"count":2,"href":"https:\/\/trzynasty.pl\/index.php\/wp-json\/wp\/v2\/pages\/103718\/revisions"}],"predecessor-version":[{"id":103720,"href":"https:\/\/trzynasty.pl\/index.php\/wp-json\/wp\/v2\/pages\/103718\/revisions\/103720"}],"wp:attachment":[{"href":"https:\/\/trzynasty.pl\/index.php\/wp-json\/wp\/v2\/media?parent=103718"}],"curies":[{"name":"wp","href":"https:\/\/api.w.org\/{rel}","templated":true}]}}