{"id":103707,"date":"2022-01-14T13:22:47","date_gmt":"2022-01-14T12:22:47","guid":{"rendered":"http:\/\/trzynasty.pl\/?page_id=103707"},"modified":"2022-01-14T13:23:26","modified_gmt":"2022-01-14T12:23:26","slug":"dowodcy-pulku","status":"publish","type":"page","link":"https:\/\/trzynasty.pl\/index.php\/dowodcy-pulku\/","title":{"rendered":"DOW\u00d3DCY PU\u0141KU"},"content":{"rendered":"<p>[vc_row][vc_column width=&#8221;1\/1&#8243;][vc_column_text uncode_shortcode_id=&#8221;238756&#8243;]<strong>DOW\u00d3DCY 13. PU\u0141KU U\u0141AN\u00d3W WILE\u0143SKICH<\/strong><\/p>\n<p>mjr. D\u0104BROWSKI W\u0142adys\u0142aw\u00a0\u00a0\u00a0\u00a0\u00a0\u00a0\u00a0\u00a0\u00a0\u00a0\u00a0\u00a0\u00a0\u00a0\u00a0\u00a0\u00a0\u00a0\u00a0\u00a0\u00a0\u00a0\u00a0\u00a0\u00a0\u00a0\u00a0\u00a0\u00a0\u00a0\u00a0\u00a0\u00a0\u00a0\u00a0\u00a0\u00a0\u00a0\u00a0\u00a0\u00a0\u00a0\u00a0\u00a0 grudzie\u0144 1918 &#8211;\u00a0 stycze\u0144 1920 rok<\/p>\n<p>rtm. D\u0104BROWSKI Jerzy<\/p>\n<p>p\u0142k. \u015aL\u0104SKI Eugeniusz\u00a0 \u00a0 \u00a0 \u00a0 \u00a0 \u00a0 \u00a0 \u00a0 \u00a0 \u00a0 \u00a0 \u00a0 \u00a0 \u00a0 \u00a0 \u00a0 \u00a0 \u00a0 \u00a0 \u00a0 \u00a0 \u00a0 \u00a0 \u00a0 \u00a0 \u00a0 \u00a0 \u00a0 stycze\u0144\u00a0 1920 \u2013 lipiec 1920 rok<\/p>\n<p>p\u0142k. BUTKIEWICZ\u00a0 M\u015bcis\u0142aw\u00a0 \u00a0 \u00a0 \u00a0 \u00a0 \u00a0 \u00a0 \u00a0 \u00a0 \u00a0 \u00a0 \u00a0 \u00a0 \u00a0 \u00a0 \u00a0 \u00a0 \u00a0 \u00a0 \u00a0 \u00a0 \u00a0 \u00a0 \u00a0 lipiec 1920 \u2013 kwiecie\u0144 1922 rok<\/p>\n<p>pp\u0142k. O\u2019BRIEN de LASSY Tadeusz\u00a0 \u00a0 \u00a0 \u00a0 \u00a0 \u00a0 \u00a0 \u00a0 \u00a0 \u00a0 \u00a0 \u00a0 \u00a0 \u00a0 \u00a0 \u00a0 \u00a0 \u00a0 \u00a0 \u00a0 kwiecie\u0144 1922 \u2013 sierpie\u0144 1922 rok<\/p>\n<p>p\u0142k. BRZOZOWSKI Rajmund\u00a0 \u00a0 \u00a0 \u00a0 \u00a0 \u00a0 \u00a0 \u00a0 \u00a0 \u00a0 \u00a0 \u00a0 \u00a0 \u00a0 \u00a0 \u00a0 \u00a0 \u00a0 \u00a0 \u00a0 \u00a0 \u00a0 \u00a0 \u00a0 \u00a0sierpie\u0144 1922 \u2013 kwiecie\u0144 1925 rok<\/p>\n<p>p\u0142k. KUNIECKI Aleksander\u00a0 \u00a0 \u00a0 \u00a0 \u00a0 \u00a0 \u00a0 \u00a0 \u00a0 \u00a0 \u00a0 \u00a0 \u00a0 \u00a0 \u00a0 \u00a0 \u00a0 \u00a0 \u00a0 \u00a0 \u00a0 \u00a0 \u00a0 \u00a0 \u00a0 \u00a0 kwiecie\u0144 1925 \u2013 wrzesie\u0144 1927 rok<\/p>\n<p>pp\u0142k. dypl. KORYTOWSKI Adam\u00a0 \u00a0 \u00a0 \u00a0 \u00a0 \u00a0 \u00a0 \u00a0 \u00a0 \u00a0 \u00a0 \u00a0 \u00a0 \u00a0 \u00a0 \u00a0 \u00a0 \u00a0 \u00a0 \u00a0 \u00a0 \u00a0 wrzesie\u0144 1927 \u2013 kwiecie\u0144 1930 rok<\/p>\n<p>pp\u0142k. CHMIEWSKI Czes\u0142aw\u00a0 \u00a0 \u00a0 \u00a0 \u00a0 \u00a0 \u00a0 \u00a0 \u00a0 \u00a0 \u00a0 \u00a0 \u00a0 \u00a0 \u00a0 \u00a0 \u00a0 \u00a0 \u00a0 \u00a0 \u00a0 \u00a0 \u00a0 \u00a0 \u00a0 \u00a0kwiecie\u0144 1930 \u2013 kwiecie\u0144 1937 rok<\/p>\n<p>p\u0142k. \u017bELIS\u0141AWSKI Kazimierz\u00a0 \u00a0 \u00a0 \u00a0 \u00a0 \u00a0 \u00a0 \u00a0 \u00a0 \u00a0 \u00a0 \u00a0 \u00a0 \u00a0 \u00a0 \u00a0 \u00a0 \u00a0 \u00a0 \u00a0 \u00a0 \u00a0 \u00a0 \u00a0 \u00a0kwiecie\u0144 1937 \u2013 kwiecie\u0144 1939 rok<\/p>\n<p>pp\u0142k. dypl. SZOSTAK J\u00f3zef\u00a0 \u00a0 \u00a0 \u00a0 \u00a0 \u00a0 \u00a0 \u00a0 \u00a0 \u00a0 \u00a0 \u00a0 \u00a0 \u00a0 \u00a0 \u00a0 \u00a0 \u00a0 \u00a0 \u00a0 \u00a0 \u00a0 \u00a0 \u00a0 \u00a0 \u00a0 lipiec 1939 \u2013 wrzesie\u0144 1939 rok[\/vc_column_text][\/vc_column][\/vc_row]<\/p>\n","protected":false},"excerpt":{"rendered":"<p>[vc_row][vc_column width=&#8221;1\/1&#8243;][vc_column_text uncode_shortcode_id=&#8221;238756&#8243;]DOW\u00d3DCY 13. PU\u0141KU U\u0141AN\u00d3W WILE\u0143SKICH mjr. D\u0104BROWSKI W\u0142adys\u0142aw\u00a0\u00a0\u00a0\u00a0\u00a0\u00a0\u00a0\u00a0\u00a0\u00a0\u00a0\u00a0\u00a0\u00a0\u00a0\u00a0\u00a0\u00a0\u00a0\u00a0\u00a0\u00a0\u00a0\u00a0\u00a0\u00a0\u00a0\u00a0\u00a0\u00a0\u00a0\u00a0\u00a0\u00a0\u00a0\u00a0\u00a0\u00a0\u00a0\u00a0\u00a0\u00a0\u00a0\u00a0 grudzie\u0144 1918 &#8211;\u00a0 stycze\u0144 1920 rok rtm. D\u0104BROWSKI Jerzy p\u0142k. [&hellip;]<\/p>\n","protected":false},"author":1,"featured_media":0,"parent":0,"menu_order":0,"comment_status":"closed","ping_status":"closed","template":"","meta":{"footnotes":""},"class_list":["post-103707","page","type-page","status-publish","hentry"],"_links":{"self":[{"href":"https:\/\/trzynasty.pl\/index.php\/wp-json\/wp\/v2\/pages\/103707","targetHints":{"allow":["GET"]}}],"collection":[{"href":"https:\/\/trzynasty.pl\/index.php\/wp-json\/wp\/v2\/pages"}],"about":[{"href":"https:\/\/trzynasty.pl\/index.php\/wp-json\/wp\/v2\/types\/page"}],"author":[{"embeddable":true,"href":"https:\/\/trzynasty.pl\/index.php\/wp-json\/wp\/v2\/users\/1"}],"replies":[{"embeddable":true,"href":"https:\/\/trzynasty.pl\/index.php\/wp-json\/wp\/v2\/comments?post=103707"}],"version-history":[{"count":2,"href":"https:\/\/trzynasty.pl\/index.php\/wp-json\/wp\/v2\/pages\/103707\/revisions"}],"predecessor-version":[{"id":103709,"href":"https:\/\/trzynasty.pl\/index.php\/wp-json\/wp\/v2\/pages\/103707\/revisions\/103709"}],"wp:attachment":[{"href":"https:\/\/trzynasty.pl\/index.php\/wp-json\/wp\/v2\/media?parent=103707"}],"curies":[{"name":"wp","href":"https:\/\/api.w.org\/{rel}","templated":true}]}}