{"id":103703,"date":"2022-01-14T13:20:13","date_gmt":"2022-01-14T12:20:13","guid":{"rendered":"http:\/\/trzynasty.pl\/?page_id=103703"},"modified":"2022-01-14T13:20:44","modified_gmt":"2022-01-14T12:20:44","slug":"prawa-pulku","status":"publish","type":"page","link":"https:\/\/trzynasty.pl\/index.php\/prawa-pulku\/","title":{"rendered":"PRAWA PU\u0141KU"},"content":{"rendered":"<p>[vc_row][vc_column][vc_column_text uncode_shortcode_id=&#8221;841900&#8243;]<strong>BARWA 13 PU\u0141KU U\u0141AN\u00d3W WILE\u0143SKICH<\/strong><br \/>\nW okresie wojny 1918-1929 roku, u\u017cywane by\u0142y: szerokie spodnie do jazdy konnej w wysokich butach, kurtki tzw. \u201eu\u0142anki\u201d, p\u0142aszcze szare z r\u00f3\u017cow\u0105 wypustk\u0105. Proporczyki z lat 1918-1920 r\u00f3\u017cowo-bia\u0142e. Od 1 kwietna 1920 roku barw\u0105 Pu\u0142ku by\u0142 kolor r\u00f3\u017cowo-malinowy (rose imperiale) nawi\u0105zuj\u0105cy do stacjonuj\u0105cego w Wilnie pskowskiego pu\u0142ku Lejbdragon\u00f3w Gwardii (s\u0142u\u017cy\u0142o w nim wielu \u017co\u0142nierzy polskiego pochodzenia). Proporczyk mia\u0142 barw\u0119 r\u00f3\u017cow\u0105, przez \u015brodek kt\u00f3rego przechodzi\u0142 w\u0105ski pasek (\u017cy\u0142ka) koloru niebieskiego jak r\u00f3wnie\u017c w wielu przypadkach koloru chabrowego. Otok na rogatywce garnizonowej by\u0142 koloru r\u00f3\u017cowego. Od 1921 roku umundurowanie Pu\u0142ku nawi\u0105zywa\u0142o do wzor\u00f3w regulaminowych.[\/vc_column_text][\/vc_column][\/vc_row]<\/p>\n","protected":false},"excerpt":{"rendered":"<p>[vc_row][vc_column][vc_column_text uncode_shortcode_id=&#8221;841900&#8243;]BARWA 13 PU\u0141KU U\u0141AN\u00d3W WILE\u0143SKICH W okresie wojny 1918-1929 roku, u\u017cywane by\u0142y: szerokie spodnie do jazdy konnej w wysokich [&hellip;]<\/p>\n","protected":false},"author":1,"featured_media":0,"parent":0,"menu_order":0,"comment_status":"closed","ping_status":"closed","template":"","meta":{"footnotes":""},"class_list":["post-103703","page","type-page","status-publish","hentry"],"_links":{"self":[{"href":"https:\/\/trzynasty.pl\/index.php\/wp-json\/wp\/v2\/pages\/103703","targetHints":{"allow":["GET"]}}],"collection":[{"href":"https:\/\/trzynasty.pl\/index.php\/wp-json\/wp\/v2\/pages"}],"about":[{"href":"https:\/\/trzynasty.pl\/index.php\/wp-json\/wp\/v2\/types\/page"}],"author":[{"embeddable":true,"href":"https:\/\/trzynasty.pl\/index.php\/wp-json\/wp\/v2\/users\/1"}],"replies":[{"embeddable":true,"href":"https:\/\/trzynasty.pl\/index.php\/wp-json\/wp\/v2\/comments?post=103703"}],"version-history":[{"count":3,"href":"https:\/\/trzynasty.pl\/index.php\/wp-json\/wp\/v2\/pages\/103703\/revisions"}],"predecessor-version":[{"id":103705,"href":"https:\/\/trzynasty.pl\/index.php\/wp-json\/wp\/v2\/pages\/103703\/revisions\/103705"}],"wp:attachment":[{"href":"https:\/\/trzynasty.pl\/index.php\/wp-json\/wp\/v2\/media?parent=103703"}],"curies":[{"name":"wp","href":"https:\/\/api.w.org\/{rel}","templated":true}]}}