{"id":103690,"date":"2022-01-12T14:41:01","date_gmt":"2022-01-12T13:41:01","guid":{"rendered":"http:\/\/trzynasty.pl\/?page_id=103690"},"modified":"2022-01-14T13:14:13","modified_gmt":"2022-01-14T12:14:13","slug":"oferta","status":"publish","type":"page","link":"https:\/\/trzynasty.pl\/index.php\/oferta\/","title":{"rendered":"OFERTA"},"content":{"rendered":"<p>[vc_row][vc_column][vc_column_text uncode_shortcode_id=&#8221;816997&#8243;]<strong>Oferta programowa Kieleckiego Szwadronu Kawalerii.<\/strong><br \/>\n1. Miejsce.<br \/>\nKa\u017cde &#8211; zaproponowane przez zamawiaj\u0105cego.<br \/>\n2. Sk\u0142ad ilo\u015bciowy uczestnik\u00f3w programu.<br \/>\nKielecki Szwadron Kawalerii jako cz\u0142onek Federacji Kawalerii Ochotniczej opiera si\u0119 na Regulaminach Kawalerii II RP , w kt\u00f3rych najmniejszym oddzia\u0142em kawalerii jest sekcja sk\u0142adaj\u0105ca si\u0119 z 6 u\u0142an\u00f3w i koni prowadzona przez dow\u00f3dc\u0119 oddzia\u0142u na 7 koniu. Wielko\u015b\u0107 ta uwarunkowana jest musztr\u0105 konn\u0105 rozpisan\u0105 w w\/w Regulaminie oraz mobilno\u015bci\u0105 oddzia\u0142u. Sk\u0142ad ilo\u015bciowy oddzia\u0142u powi\u0119ksza si\u0119 o nast\u0119pne 6-osobowe sekcje pozostaj\u0105c przy jednym dow\u00f3dcy. Dochodz\u0105c w ten spos\u00f3b do plutonu 19 konnego, kt\u00f3ry Kielecki Szwadron Kawalerii jest w stanie wystawi\u0107.<br \/>\nPoni\u017cej podajemy propozycje ilo\u015bciowe udzia\u0142u Kieleckiego Szwadronu Kawalerii w uroczysto\u015bci, nie wliczaj\u0105c w to obs\u0142ugi pieszej, kt\u00f3ra wacha si\u0119 w przedziale ilo\u015bciowym od 2 &#8211; 6 u\u0142an\u00f3w.<br \/>\n\uf0a7 jedna sekcja: 6 u\u0142an\u00f3w na 6 koniach prowadzona przez dow\u00f3dc\u0119 na 7 koniu;<br \/>\n\uf0a7 dwie sekcje: 12 u\u0142an\u00f3w na12 koniach prowadzona przez dow\u00f3dc\u0119 na 13 koniu;<br \/>\n\uf0a7 trzy sekcje: 18 u\u0142an\u00f3w na 18 koniach prowadzona przez dow\u00f3dc\u0119 na 19 koniu.<br \/>\nMo\u017cliwo\u015b\u0107 wyboru sk\u0142adu ilo\u015bciowego pozostawiamy organizatorowi jego mo\u017cliwo\u015bciom terenowym i finansowym.<br \/>\n3. Proponowany przebieg programu.<br \/>\n\uf0a7 prezentacja Szwadronu &#8211; ca\u0142o\u015b\u0107 programu przy narracji i odpowiednim podk\u0142adzie muzycznym zabezpieczonym przez Kielecki Szwadron Kawalerii;<br \/>\n\uf0a7 pokaz paradnej musztry konnej;<br \/>\n\uf0a7 pokazy w\u0142adania szabl\u0105, lanc\u0105 (w\u0142\u00f3czni\u0105) oraz strzelania do celu pistoletu pneumatycznego lub \u0142uku;<br \/>\n\uf0a7 pokaz w\u0142adania lanc\u0105 &#8211; w\u0142\u00f3czni\u0105: (zas\u0142ony, zastawy, uderzenia);<br \/>\n\uf0a7 pokaz szar\u017cy kawaleryjskiej w zale\u017cno\u015bci od warunk\u00f3w terenowych w szyku rozwini\u0119tym;<br \/>\n\uf0a7 prezentacja wyposa\u017cenia kawaleryjskiego;<br \/>\n\uf0a7 &#8222;I ty zosta\u0144 u\u0142anem&#8221; czyli zaci\u0105g rekrut\u00f3w (uczestnicy od 5 do 100 lat) do Szwadronu;<br \/>\n\uf0a7 &#8222;Z u\u0142a\u0144sk\u0105 fantazj\u0105&#8221; -gry i zabawy dla ca\u0142ych rodzin;<br \/>\n\uf0a7 &#8222;W u\u0142a\u0144skim siodle&#8221; &#8211; bezp\u0142atne przeja\u017cd\u017cki na kawaleryjskich wierzchowcach;<br \/>\n\uf0a7 Pasowanie nowych u\u0142an\u00f3w;<br \/>\n\uf0a7 Galeria uzbrojenia i umundurowania u\u0142an\u00f3w wrze\u015bnia 1939 roku w oznakowanym namiocie;<br \/>\n\uf0a7 Zwiedzanie obozowiska kawaleryjskiego;<br \/>\n4. Na \u017cyczenie organizatora Szwadron mo\u017ce wzi\u0105\u0107 udzia\u0142 w defiladzie (w uroczystym przemarszu, poprowadzi\u0107 uroczysto\u015b\u0107, wystawi\u0107 honorowe warty) we wskazanym miejscu oraz by\u0107 wykorzystany do zada\u0144 zleconych w czasie uroczysto\u015bci;<br \/>\n\uf0a7 groch\u00f3wka z wojskowej kuchni polowej w uzgodnieniu z organizatorem;<br \/>\n\uf0a7 w czasie programu Kielecki Szwadron Kawalerii mo\u017ce prezentowa\u0107 si\u0119 w:<br \/>\n1) w umundurowaniu garnizonowym lub polowym zgodnie z regulaminami Kawalerii II RP z roku 1938;<br \/>\n2) w umundurowaniu \u201eBeliniackim\u201d &#8211; u\u0142an\u00f3w legionowych z lat 1914r.-1916r.;<br \/>\n3) w moderunku Jazdy Powsta\u0144czej 1863 r.<br \/>\n4) w moderunku XVII wiecznej Jazdy Pancernej (Towarzysze Pancerni);<br \/>\n5) w moderunku Husarskim (w trakcie organizacji);<br \/>\n6) w moderunku Jazdy \u015aredniowiecznej;<br \/>\nCa\u0142kowity czas trwania pokazu: 1 &#8211; 4 godziny w r\u00f3\u017cnych blokach programowych.<br \/>\n5. Analiza koszt\u00f3w.<br \/>\nKoszt udzia\u0142u Kieleckiego Szwadronu Kawalerii w uroczysto\u015bciach lub imprezach jest uzgadniany przez strony przed wydarzeniem i jest dostosowany do programu, umundurowania, ilo\u015bci koni oraz u\u0142an\u00f3w, odleg\u0142o\u015bci od Kielc (koszt transportu koni u\u0142an\u00f3w) a tak\u017ce mo\u017cliwo\u015bci zamawiaj\u0105cego.<br \/>\nUWAGA!<br \/>\nOrganizator zobowi\u0105zany jest do zabezpieczenia odpowiedniego i bezpiecznego miejsca do pokazu. Pokaz wymaga r\u00f3wnej trawiastej powierzchni i placu o wymiarach oko\u0142o 100&#215;50 metr\u00f3w. Organizator zobowi\u0105zany jest r\u00f3wnie\u017c do zapewnienia bie\u017c\u0105cej wody dla koni oraz jednego ciep\u0142ego posi\u0142ku dla u\u0142an\u00f3w bior\u0105cych udzia\u0142 w programie.<br \/>\n6. Obok wy\u017cej wymienionych prezentacji, Kielecki Szwadron Kawalerii posiada w swojej ofercie programowej:<br \/>\n1) Autorski program historyczno &#8211; patriotyczny dla szk\u00f3\u0142, kt\u00f3rego celem jest przybli\u017cenie m\u0142odym ludziom tematyki:<br \/>\n\uf0a7 historii naszego regionu,<br \/>\n\uf0a7 historii, wyposa\u017cenia, umundurowania, uzbrojenia i tradycji jazdy polskiej,<br \/>\n\uf0a7 prezentacji element\u00f3w symboliki narodowej,<br \/>\n2) Profesjonalne szkolenie dla poczt\u00f3w sztandarowych szk\u00f3\u0142, a zakres kt\u00f3rego wchodzi: musztra i obowi\u0105zki ka\u017cdego cz\u0142onka pocztu, musztra ca\u0142ego pocztu, wydawanie komend oraz moralne i patriotyczne aspekty s\u0142u\u017cby w poczcie sztandarowym.<br \/>\nProgram jest realizowany od pi\u0119tnastu lat, w szko\u0142ach i przedszkolach w terenu Kielc i Wojew\u00f3dztwa \u015awi\u0119tokrzyskiego.[\/vc_column_text][\/vc_column][\/vc_row]<\/p>\n","protected":false},"excerpt":{"rendered":"<p>[vc_row][vc_column][vc_column_text uncode_shortcode_id=&#8221;816997&#8243;]Oferta programowa Kieleckiego Szwadronu Kawalerii. 1. Miejsce. Ka\u017cde &#8211; zaproponowane przez zamawiaj\u0105cego. 2. Sk\u0142ad ilo\u015bciowy uczestnik\u00f3w programu. Kielecki Szwadron [&hellip;]<\/p>\n","protected":false},"author":1,"featured_media":0,"parent":0,"menu_order":0,"comment_status":"closed","ping_status":"closed","template":"","meta":{"footnotes":""},"class_list":["post-103690","page","type-page","status-publish","hentry"],"_links":{"self":[{"href":"https:\/\/trzynasty.pl\/index.php\/wp-json\/wp\/v2\/pages\/103690","targetHints":{"allow":["GET"]}}],"collection":[{"href":"https:\/\/trzynasty.pl\/index.php\/wp-json\/wp\/v2\/pages"}],"about":[{"href":"https:\/\/trzynasty.pl\/index.php\/wp-json\/wp\/v2\/types\/page"}],"author":[{"embeddable":true,"href":"https:\/\/trzynasty.pl\/index.php\/wp-json\/wp\/v2\/users\/1"}],"replies":[{"embeddable":true,"href":"https:\/\/trzynasty.pl\/index.php\/wp-json\/wp\/v2\/comments?post=103690"}],"version-history":[{"count":4,"href":"https:\/\/trzynasty.pl\/index.php\/wp-json\/wp\/v2\/pages\/103690\/revisions"}],"predecessor-version":[{"id":103698,"href":"https:\/\/trzynasty.pl\/index.php\/wp-json\/wp\/v2\/pages\/103690\/revisions\/103698"}],"wp:attachment":[{"href":"https:\/\/trzynasty.pl\/index.php\/wp-json\/wp\/v2\/media?parent=103690"}],"curies":[{"name":"wp","href":"https:\/\/api.w.org\/{rel}","templated":true}]}}