{"id":103887,"date":"2022-01-18T15:39:31","date_gmt":"2022-01-18T14:39:31","guid":{"rendered":"http:\/\/trzynasty.pl\/?page_id=103887"},"modified":"2022-01-18T15:39:31","modified_gmt":"2022-01-18T14:39:31","slug":"szkolenie-strzeleckie-2021","status":"publish","type":"page","link":"http:\/\/trzynasty.pl\/index.php\/szkolenie-strzeleckie-2021\/","title":{"rendered":"SZKOLENIE STRZELECKIE 2021"},"content":{"rendered":"<p>[vc_row][vc_column][vc_column_text]<em>Szkolenie strzeleckie odby\u0142o si\u0119 28 grudnia na strzelnicy \u015awit w Starachowicach. Kursanci dostali do dyspozycji karabinki Beryl i poka\u017an\u0105 gar\u015b\u0107, kilkudziesi\u0119ciu sztuk amunicji. Cho\u0107 pod koniec ramiona bola\u0142y od odrzutu, to ka\u017cdy czu\u0142 satysfakcj\u0119 z dobrych wynik\u00f3w na tarczy, kt\u00f3re w du\u017cej mierze by\u0142y zas\u0142ug\u0105 instruktora, kt\u00f3ry korygowa\u0142 b\u0142\u0119dy ka\u017cdego strzelca i udziela\u0142 rad, jak celnie strzela\u0107.<\/em>[\/vc_column_text][vc_gallery el_id=&#8221;gallery-621261&#8243; medias=&#8221;103888,103889,103890,103891&#8243; gutter_size=&#8221;3&#8243; screen_lg=&#8221;1000&#8243; screen_md=&#8221;600&#8243; screen_sm=&#8221;480&#8243; single_overlay_opacity=&#8221;50&#8243; single_padding=&#8221;2&#8243; uncode_shortcode_id=&#8221;175838&#8243;][\/vc_column][\/vc_row]<\/p>\n","protected":false},"excerpt":{"rendered":"<p>[vc_row][vc_column][vc_column_text]Szkolenie strzeleckie odby\u0142o si\u0119 28 grudnia na strzelnicy \u015awit w Starachowicach. Kursanci dostali do dyspozycji karabinki Beryl i poka\u017an\u0105 gar\u015b\u0107, [&hellip;]<\/p>\n","protected":false},"author":1,"featured_media":0,"parent":0,"menu_order":0,"comment_status":"closed","ping_status":"closed","template":"","meta":{"footnotes":""},"class_list":["post-103887","page","type-page","status-publish","hentry"],"_links":{"self":[{"href":"http:\/\/trzynasty.pl\/index.php\/wp-json\/wp\/v2\/pages\/103887","targetHints":{"allow":["GET"]}}],"collection":[{"href":"http:\/\/trzynasty.pl\/index.php\/wp-json\/wp\/v2\/pages"}],"about":[{"href":"http:\/\/trzynasty.pl\/index.php\/wp-json\/wp\/v2\/types\/page"}],"author":[{"embeddable":true,"href":"http:\/\/trzynasty.pl\/index.php\/wp-json\/wp\/v2\/users\/1"}],"replies":[{"embeddable":true,"href":"http:\/\/trzynasty.pl\/index.php\/wp-json\/wp\/v2\/comments?post=103887"}],"version-history":[{"count":1,"href":"http:\/\/trzynasty.pl\/index.php\/wp-json\/wp\/v2\/pages\/103887\/revisions"}],"predecessor-version":[{"id":103892,"href":"http:\/\/trzynasty.pl\/index.php\/wp-json\/wp\/v2\/pages\/103887\/revisions\/103892"}],"wp:attachment":[{"href":"http:\/\/trzynasty.pl\/index.php\/wp-json\/wp\/v2\/media?parent=103887"}],"curies":[{"name":"wp","href":"https:\/\/api.w.org\/{rel}","templated":true}]}}