{"id":103768,"date":"2022-01-14T14:15:28","date_gmt":"2022-01-14T13:15:28","guid":{"rendered":"http:\/\/trzynasty.pl\/?page_id=103768"},"modified":"2022-01-14T14:16:06","modified_gmt":"2022-01-14T13:16:06","slug":"o-nas","status":"publish","type":"page","link":"http:\/\/trzynasty.pl\/index.php\/o-nas\/","title":{"rendered":"O NAS"},"content":{"rendered":"<p>[vc_row][vc_column][vc_column_text uncode_shortcode_id=&#8221;990809&#8243;]Serdecznie witamy na stronie po\u015bwi\u0119conej historii 13. Pu\u0142ku U\u0142an\u00f3w Wile\u0144skich i jego spadkobiercy \u2013 Kieleckiemu Szwadronowi Kawalerii.<\/p>\n<p>Zamieszczone informacje, dotycz\u0105ce historii Pu\u0142ku s\u0105 wiadomo\u015bciami og\u00f3lnie znanymi. Fundacja nasza posiada du\u017cy zbi\u00f3r pami\u0105tek, nagra\u0144, \u017ar\u00f3de\u0142 pisanych i fotografii, kt\u00f3re jeszcze nie by\u0142y publikowane. B\u0119d\u0105 one udost\u0119pnione po wydaniu obszernej publikacji ksi\u0105\u017ckowej, kt\u00f3ra kompleksowo obejmowa\u0107 b\u0119dzie dzia\u0142alno\u015b\u0107 13. Pu\u0142ku U\u0142an\u00f3w Wile\u0144skich w latach 1918 &#8211; 1945. Zamierzeniem naszym jest, aby opracowanie ukaza\u0142o\u00a0 si\u0119 w 100 &#8211; rocznic\u0119 powstania Pu\u0142ku.<\/p>\n<p>Zapraszamy do kontaktu i wsp\u00f3\u0142pracy wszystkich ch\u0119tnych, dysponuj\u0105cych materia\u0142ami zwi\u0105zanymi z 13. Pu\u0142kiem U\u0142an\u00f3w Wile\u0144skich, kt\u00f3rzy chcieliby mie\u0107 sw\u00f3j wk\u0142ad w tworzeniu publikacji.<\/p>\n<p>O NAS!<\/p>\n<p>Fundacja Kielecki Ochotnicy Szwadron Kawalerii im. 13 Pu\u0142ku U\u0142an\u00f3w Wile\u0144skich jest organizacj\u0105 patriotyczno-wychowawcz\u0105, kontynuuj\u0105c\u0105 tradycje kawaleryjskie po 80 Kieleckiej Konnej Dru\u017cynie Harcerskiej. Barwy, zwyczaje, tradycje i historia 13. Pu\u0142ku U\u0142an\u00f3w Wile\u0144skich w Kielcach s\u0105 w ten spos\u00f3b reprezentowane nieprzerwanie od 1982 roku. Prze\u0142omem w dzia\u0142alno\u015bci u\u0142a\u0144skiej by\u0142 rok 2000, kiedy do konnych harcerzy \u2013 u\u0142an\u00f3w do\u0142\u0105czy\u0142y osoby cywilne, Rodzina Pu\u0142kowa oraz \u017co\u0142nierze Wojska Polskiego, tworz\u0105c pocz\u0105tki Stowarzyszenia,\u00a0 kt\u00f3re przyj\u0119\u0142o nazw\u0119: Kielecki Ochotniczy Szwadron Kawalerii im. 13. Pu\u0142ku U\u0142an\u00f3w Wile\u0144skich. Cztery lata p\u00f3\u017aniej powsta\u0142a Fundacja pod t\u0105 sam\u0105 nazw\u0105.<\/p>\n<p>W 2004 roku, r\u00f3wnocze\u015bnie z oficjalnym zarejestrowaniem dzia\u0142alno\u015bci Stowarzyszenia, dotychczasowa dru\u017cyna harcerska przeformowa\u0142a si\u0119 w 13. Dru\u017cyn\u0119 W\u0119drownicz\u0105 Kawalerii Harcerskiej im. 13. Pu\u0142ku U\u0142an\u00f3w Wile\u0144skich, grupuj\u0105c\u0105 harcerzy starszych. Wszystkie cztery dzia\u0142aj\u0105ce podmioty: Stowarzyszenie, Fundacja, Dru\u017cyna Harcerska oraz Rodzina Pu\u0142kowa \u015bci\u015ble ze sob\u0105 wsp\u00f3\u0142pracuj\u0105, nakre\u015blaj\u0105c jeden kierunek dzia\u0142ania zawarty w celach statutowych.<\/p>\n<p>Fundacja Kielecki Ochotniczy Szwadron Kawalerii im. 13. Pu\u0142ku U\u0142an\u00f3w Wile\u0144skich zosta\u0142a zawi\u0105zana w Dniu \u015awi\u0119ta Pu\u0142kowego &#8211;\u00a0 25 lipca 2008 roku i jest spadkobierc\u0105 oraz kontynuatorem tradycji 13. Pu\u0142ku U\u0142an\u00f3w Wile\u0144skich z Nowej Wilejki. Fundacja nawi\u0105zuje w swojej dzia\u0142alno\u015bci do 90 letniej tradycji historycznej U\u0142an\u00f3w Wile\u0144skich, kt\u00f3ra t\u0105 tradycje reprezentuje i kontynuuje.<\/p>\n<p>G\u0142\u00f3wnymi pomys\u0142odawcami i inicjatorami zorganizowania pierwszej w Kielcach ochotniczej formacji kawaleryjskiej, s\u0105:<\/p>\n<p>Robert Mazur, rodowity opolanin, pasjonat or\u0119\u017ca polskiego, hobbysta, wieloletni instruktor Zwi\u0105zku Harcerstwa Rzeczypospolitej w stopniu przewodnika, Harcerz Orli. Kawaler oficerskiej odznaki pami\u0105tkowej 13. Pu\u0142ku U\u0142an\u00f3w Wile\u0144skich, pracownik instytucji kultury. Od lat osiemdziesi\u0105tych XX wieku &#8211; poprzez Dru\u017cyny Kawalerii Harcerskiej, zwi\u0105zany z ruchem kawaleryjskim. Cz\u0142onek i przyboczny 141. Opolskiej Dru\u017cyny Harcerzy i 9. Konnej Opolskiej Dru\u017cyny Harcerzy im. 9. Pu\u0142ku U\u0142an\u00f3w Ma\u0142opolskich, nale\u017c\u0105cych do elitarnego Opolskiego Hufca ZHR im. Szarych Szereg\u00f3w. Prezes Fundacji i Dow\u00f3dca Kieleckiego Ochotniczego Szwadronu Kawalerii im. 13. Pu\u0142ku U\u0142an\u00f3w Wile\u0144skich. Przyboczny 13. Kieleckiej Dru\u017cyny W\u0119drowniczej Kawalerii Harcerskiej im. 13. Pu\u0142ku U\u0142an\u00f3w Wile\u0144skich. Odznaczony br\u0105zowym Medalem za Zas\u0142ugi dla Obronno\u015bci Kraju i tatarskim Medalem D\u017celal ed Dina.<\/p>\n<p>Mariusz Kowalski, historyk, wieloletni instruktor Zwi\u0105zku Harcerstwa Polskiego w stopniu podharcmistrza, harcerz orli,\u00a0 kawaler oficerskiej odznaki pami\u0105tkowej 13. Pu\u0142ku U\u0142an\u00f3w Wile\u0144skich. Zwi\u0105zany z harcerstwem od 1975 roku, a z ruchem kawaleryjskim nieprzerwanie od roku 1982 poprzez pierwsz\u0105 w Polsce dru\u017cyn\u0119 harcersk\u0105, kt\u00f3ra przyj\u0119\u0142a imi\u0119 13. Pu\u0142ku U\u0142an\u00f3w Wile\u0144skich, kt\u00f3rej by\u0142 dru\u017cynowym. Podoficer 16. Batalionu Powietrzno \u2013 Desantowego, z elitarnej 6. Brygady Desantowo &#8211; Szturmowej z Krakowa. Wiceprezes Fundacji i Szef Kieleckiego Ochotniczego Szwadronu Kawalerii im. 13. Pu\u0142ku U\u0142an\u00f3w Wile\u0144skich. Dru\u017cynowy 13. W\u0119drowniczej Dru\u017cyny Kawalerii Harcerskiej im.13. Pu\u0142ku U\u0142an\u00f3w Wile\u0144skich. Odznaczony br\u0105zowym Medalem za Zas\u0142ugi dla Obronno\u015bci Kraju i tatarskim Medalem D\u017celal ed Dina.<\/p>\n<p>Czes\u0142aw Paj\u0105k, mi\u0142o\u015bnik or\u0119\u017ca polskiego, \u017co\u0142nierz rezerwy Wojska Polskiego, kawaler oficerskiej odznaki pami\u0105tkowej 13. Pu\u0142ku U\u0142an\u00f3w Wile\u0144skich. Odznaczony tatarskim Medalem D\u017celal ed Dina. Wachmistrz Kawalerii Ochotniczej, chor\u0105\u017cy pocztu sztandarowego Kieleckiego Ochotniczego Szwadronu Kawalerii im. 13. Pu\u0142ku U\u0142an\u00f3w Wile\u0144skich. Instruktor wyszkolenia kawaleryjskiego Kieleckiego Szwadronu Kawalerii.<\/p>\n<p>Jedn\u0105 z fundamentalnych zasad naszej organizacji jest przyja\u017a\u0144 i braterstwo. W dzia\u0142aniu naszym na pierwszy plan stawiana jest rodzina, praca zawodowa, obowi\u0105zki szkolne a dopiero p\u00f3\u017aniej praca na rzecz Szwadronu i Fundacji. Przy Kieleckim Szwadronie Kawalerii, podobnie jak w przedwojennych pu\u0142kach dzia\u0142a Rodzina Pu\u0142kowa, sk\u0142adaj\u0105ca si\u0119 z u\u0142an\u00f3w, ich \u017con, dzieci oraz os\u00f3b zaprzyja\u017anionych ze Szwadronem, kt\u00f3ra scala Szwadron daj\u0105c mu stabilno\u015b\u0107, r\u00f3wnowag\u0119 i harmoni\u0119.<\/p>\n<p>Organizacja nasza jest formacj\u0105 niezale\u017cn\u0105 i apolityczn\u0105,\u00a0 nawi\u0105zuj\u0105c\u0105 do sprawdzonych warto\u015bci katolickich. Pos\u0142ug\u0119 duszpastersk\u0105 na nad kieleckimi u\u0142anami od 11 listopada 2006 roku, sprawuje ksi\u0105dz pu\u0142kownik Adam Prus, kapelan Garnizonu i proboszcz ko\u015bcio\u0142a garnizonowego w Kielcach. Nie jeste\u015bmy Grup\u0105 Rekonstrukcji Historycznej, mimo i\u017c nawi\u0105zujemy do umundurowania, uzbrojenia, tradycji i zwyczaj\u00f3w jednego z najstarszych pu\u0142k\u00f3w kawalerii jakim by\u0142 13. Pu\u0142ku U\u0142an\u00f3w Wile\u0144skich. Mundury historyczne kt\u00f3rych u\u017cywamy, stanowi\u0105 nasz s\u0142u\u017cbowy ubi\u00f3r organizacyjny. Nie jeste\u015bmy grup\u0105 ludzi, kt\u00f3ra bawi si\u0119 w wojsko i\u00a0 wojn\u0119, realizuj\u0105c w ten spos\u00f3b niespe\u0142nione marzenia z dzieci\u0144stwa. Nie nale\u017cymy do grona os\u00f3b, dla kt\u00f3rych inscenizacje batalistyczne czy jakiekolwiek wyjazdy konne, s\u0105 jedynie okazj\u0105 do oderwania si\u0119 od obowi\u0105zk\u00f3w rodzinnych, beztroskiego sp\u0119dzania czasu w towarzystwie alkoholu i podobnie ubranych koleg\u00f3w.<\/p>\n<p>W swojej pracy, Szwadron kieruje si\u0119 wskazaniami Tradycji Jazdy Polskiej oraz stara si\u0119 godnie reprezentowa\u0107 Kielce i Wojew\u00f3dztwo \u015awi\u0119tokrzyskie w kraju i poza nim, maj\u0105c aspiracje sta\u0107 si\u0119 jedn\u0105 z wizyt\u00f3wek regionu \u015awi\u0119tokrzyskiego. Znajomo\u015b\u0107 regulamin\u00f3w kawaleryjskich, umiej\u0119tno\u015b\u0107 jazdy konnej, w\u0142adanie bia\u0142\u0105 broni\u0105, znajomo\u015b\u0107 historii Pu\u0142ku, uczestnictwo w uroczysto\u015bciach pa\u0144stwowych i religijnych stanowi dla kieleckich u\u0142an\u00f3w norm\u0119 i powinno\u015b\u0107. Jednak\u017ce organizacja nasza poza sfer\u0105 \u015bci\u015ble kawaleryjsk\u0105 realizuje szczytniejsze cele, jakimi s\u0105 mi\u0119dzy innymi: edukacja, hipoterapia oraz\u00a0 pomoc Polakom mieszkaj\u0105cych na Kresach Wschodnich. Jest to dla nas misja, kt\u00f3r\u0105 chcemy rzetelnie wype\u0142nia\u0107 &#8211; dla dobra naszej Ojczyzny, regionu \u015awi\u0119tokrzyskiego, mieszka\u0144c\u00f3w Kielc oraz nas samych. Chcemy w ten spos\u00f3b dotrzyma\u0107 s\u0142owa, kt\u00f3re 22 sierpnia 2004 roku dali\u015bmy naszym Poprzednikom, podczas XVI Zjazdu Kawalerzyst\u00f3w II RP w Grudzi\u0105dzu, gdy odbierali\u015bmy z r\u0105k Pana majora Zbigniewa Makowieckiego, zaszczyt i przywilej wy\u0142\u0105cznego w Polsce u\u017cywania imienia, barw i wyr\u00f3\u017cnik\u00f3w 13. Pu\u0142ku U\u0142an\u00f3w Wile\u0144skich. Na to wielkie wyr\u00f3\u017cnienie sk\u0142ada si\u0119 dotychczasowe 28 lat pracy harcerzy-u\u0142an\u00f3w, \u017co\u0142nierzy, os\u00f3b cywilnych oraz tak bliskich naszemu sercu, nie\u017cyj\u0105cych ju\u017c kieleckich weteran\u00f3w kawalerii.<\/p>\n<p>Za najwa\u017cniejsze cele swojej dzia\u0142alno\u015bci, Fundacja uzna\u0142a:<\/p>\n<ol>\n<li>Utworzenie i prowadzenie:<\/li>\n<li>Stowarzyszenia \u2013 Kielecki Ochotniczy Szwadron Kawalerii im. 13. Pu\u0142ku U\u0142an\u00f3w Wile\u0144skich,<\/li>\n<li>Centralnego O\u015brodka Wyszkolenia Kawalerii,<\/li>\n<li>Szko\u0142y Podchor\u0105\u017cych Rezerwy Kawalerii Ochotniczej,<\/li>\n<li>Koordynowanie prac 13 Kieleckiej Dru\u017cyny W\u0119drowniczej Kawalerii Harcerskiej Hufca ZHP Kielce- Miasto,<\/li>\n<li>Wspieranie dzia\u0142a\u0144 os\u00f3b fizycznych i prawnych w zakresie:<\/li>\n<li>Wskrzeszania i kultywowania tradycji Jazdy Polskiej ze szczeg\u00f3lnym uwzgl\u0119dnieniem tradycji i zwyczaj\u00f3w 13. Pu\u0142ku U\u0142an\u00f3w Wile\u0144skich,<\/li>\n<li>Podtrzymywanie tradycji narodowej, piel\u0119gnowanie polsko\u015bci oraz rozwoju \u015bwiadomo\u015bci narodowej, obywatelskiej i kulturowej,<\/li>\n<li>Nauki, edukacji, o\u015bwiaty i wychowania m\u0142odzie\u017cy,<\/li>\n<li>Krajoznawstwa oraz wypoczynku dla dzieci i m\u0142odzie\u017cy,<\/li>\n<li>Upowszechniania wiedzy i umiej\u0119tno\u015bci na rzecz obronno\u015bci Pa\u0144stwa,<\/li>\n<li>Upowszechniania wiedzy teoretycznej oraz osi\u0105gni\u0119\u0107 polskiego ruchu kawaleryjskiego i rekonstruktorskiego, tradycji i historii Wojska Polskiego oraz s\u0142u\u017cby wojskowej,<\/li>\n<li>Propagowania i promocji idei kawalerii historycznej i wsp\u00f3\u0142czesnej,<\/li>\n<li>Propagowania, opracowania i wydawnictw w zakresie Kawalerii Polskiej,<\/li>\n<li>Podejmowanie dzia\u0142a\u0144 na rzecz pomocy dzieciom i m\u0142odzie\u017cy niepe\u0142nosprawnej dotkni\u0119tymi chorob\u0105 poprzez:<\/li>\n<li>zapewnienie zaj\u0119\u0107 terapeutycznych i rehabilitacyjnych dla dzieci i m\u0142odzie\u017cy, w tym przede wszystkim z hipoterapii pacjentom z r\u00f3\u017cnymi schorzeniami i wadami rozwojowymi,<\/li>\n<li>obj\u0119cia hipoterapi\u0105 jak najwi\u0119kszej ilo\u015bci potrzebuj\u0105cych jej pacjent\u00f3w,<\/li>\n<li>Niesienie pomocy i wspieranie Polak\u00f3w oraz organizacji m\u0142odzie\u017cowych zamieszkuj\u0105cych dawne Kresy Wschodnie, poprzez podtrzymywanie polsko\u015bci, polskiej kultury i tradycji narodowych, pozyskiwanie \u015brodk\u00f3w finansowych na t\u0105 dzia\u0142alno\u015b\u0107.<\/li>\n<\/ol>\n<p>W 2006 roku podczas uroczysto\u015bci \u015awi\u0119ta Niepodleg\u0142o\u015bci, Szwadron otrzyma\u0142 kopi\u0119 sztandaru pu\u0142kowego ufundowanego przez spo\u0142ecze\u0144stwo Ziemi \u015awi\u0119tokrzyskiej. Wr\u0119czenie sztandaru mia\u0142o miejsce w historycznym miejscu \u2013 przed Pomnikiem Niepodleg\u0142o\u015bci w Kielcach &#8211; dumy wszystkich kielczan i \u015brodowiska kieleckich \u017co\u0142nierzy Armii Krajowej \u2013 inicjator\u00f3w jego odbudowy. Pomnik nawi\u0105zuje do tradycji legionowych miasta, w kt\u00f3rym\u00a0 legioni\u015bci stoczyli kilka potyczek z \u017co\u0142nierzami rosyjskimi. Rodzicami chrzestnymi Sztandaru zostali: Pani Izabela Borowska, c\u00f3rka kontradmira\u0142a Marynarki Wojennej Micha\u0142a Borowskiego, absolwentka Wydzia\u0142u Sztuki Uniwersytetu Stefana Batorego w Wilnie, wychowanka profesora Ferdynanda Ruszczyca,\u00a0 narzeczona poleg\u0142ego 23 wrze\u015bnia 1939 roku porucznika 13. Pu\u0142ku U\u0142an\u00f3w Andrzeja Szamoty oraz Pan Andrzej Bohdanowicz, bratanek Marii Bohdanowicz jednej z trzech Matek Chrzestnych oryginalnego Sztandaru 13. Pu\u0142ku U\u0142an\u00f3w. Sztandar wr\u0119czy\u0142 Wojewoda \u015awi\u0119tokrzyski Pan Grzegorz Bana\u015b. Pami\u0105tkowe gwo\u017adzie w drzewce sztandaru wbijali mi\u0119dzy innymi: Wice \u2013 Premier RP \u015bp. Pan Przemys\u0142aw Gosiewski, Wojewoda \u015awi\u0119tokrzyski Pan Grzegorz Bana\u015b, Prezydent Miasta Kielce Pan Wojciech Lubawski, Zast\u0119pca Dyrektora Centrum Szkolenia Si\u0142 Po\u0142\u0105czonych NATO z Bydgoszczy \u015bp. gen. dyw. Tadeusz Buk, Prezes Zrzeszenia K\u00f3\u0142 P\u00f3\u0142kowych Kawalerii z Londynu mjr Zbigniew Makowiecki, Redaktor Radia \u201eZnad Wilii\u201d z Wilna \u015bp. Pan Jerzy Surwi\u0142o, c\u00f3rki rtm. Grzeorza Cydzika z 13. Pu\u0142ku U\u0142an\u00f3w Wile\u0144skich Pani Janina Cydzik-Brzezi\u0144sk\u0105 i Zofia Mi\u015bkiewicz. Sztandar zosta\u0142 po\u015bwi\u0119cony przez Biskupa Diecezji Kieleckiej Jego Ekscelencj\u0119 ks. Kazimierza Ryczana.<\/p>\n<p>Obecnie w prac\u0119 Fundacji zaanga\u017cowanych jest ponad 60 os\u00f3b w tym 26 u\u0142an\u00f3w tworz\u0105cych pododdzia\u0142 konny w barwach i wyr\u00f3\u017cnikach 13. Pu\u0142ku U\u0142an\u00f3w. Wyposa\u017cenie i uzbrojenie Szwadronu jest zgodne z regulaminami kawalerii II RP, w tym sekcja tatarska wyr\u00f3\u017cniaj\u0105ca si\u0119 d\u017awi\u0119cznym bu\u0144czukiem i oporz\u0105dzeniem w kolorze bia\u0142ym. Jest to pami\u0105tka po I szwadronie 13. Pu\u0142ku U\u0142an\u00f3w Wile\u0144skich, w kt\u00f3rym do 1939 roku s\u0142u\u017cyli obywatele polscy narodowo\u015bci tatarskiej. Oficjalne prawo do kultywowania ich tradycji, Szwadron uzyska\u0142 w Grudzi\u0105dzu, na XIX Zje\u017adzie Kawalerzyst\u00f3w II RP, w dniu 19 sierpnia\u00a0 2007 roku, z r\u0105k prezes\u00f3w Zwi\u0105zku Tatar\u00f3w RP &#8211; Selima Chazbijewicza i Jerzego Szachuniewicza. Sta\u0142o si\u0119 to w 70. rocznic\u0119 wr\u0119czenia bu\u0144czuka od spo\u0142eczno\u015bci tatarskiej II RP, dla u\u0142an\u00f3w I szwadronu naszego patrona.<\/p>\n<p>Dnia 3 maja 2009 roku, podczas obchod\u00f3w rocznicy Uchwalenia Konstytucji 3 maja, zosta\u0142a przekazana Szwadronowi replika bu\u0144czuka przechodniego jaki 65 lat wcze\u015bniej otrzyma\u0142 od marsza\u0142ka J\u00f3zefa Pi\u0142sudskiego I szwadron 13. Pu\u0142ku U\u0142an\u00f3w. Wr\u0119czenia bu\u0144czuka dokonali: Wojewoda \u015awi\u0119tokrzyski Pani Bo\u017centyna Pa\u0142ka Koruba oraz Wicewojewoda Pan Piotr \u017bo\u0142\u0105dek. Fundatorem bu\u0144czuka by\u0142y Targi Kielce.\u00a0 Od dnia 11 listopada 2010 roku, Honorowymi Szefami Kieleckiego Ochotniczego Szwadron Kawalerii im. 13. Pu\u0142ku U\u0142an\u00f3w Wile\u0144skich s\u0105: Wojewoda \u015awi\u0119tokrzyski, Marsza\u0142ek Wojew\u00f3dztwa \u015awi\u0119tokrzyskiego, \u00a0Prezydent Miasta Kielce.<\/p>\n<p>W Szwadronie funkcjonuje sekcja historyczna \u2013 Chor\u0105giew Pancerna Ziemi \u015awi\u0119tokrzyskiej, w moderunku XVIII wiecznej jazdy pancernej, sekcja Polskiej Jazdy \u015aredniowiecznej oraz sekcja Beliniak\u00f3w &#8211; u\u0142an\u00f3w legionowych z lat 1914-1916. Sekcje organizuj\u0105 pokazy sprawno\u015bci kawaleryjskiej w ca\u0142ym kraju, prezentuj\u0105c wysoki poziom wyszkolenia koni i je\u017ad\u017ac\u00f3w.<\/p>\n<p>Poza g\u0142\u00f3wnymi celami statutowymi, Fundacja ju\u017c piaty rok realizuje edukacyjny program autorski w przedszkolach oraz szko\u0142ach, poprzez organizowanie lekcji \u201e\u017cywej historii\u201d pn.: \u201eSPOTKANIA Z HISTORI\u0104, CZYLI POLSKI PATRIOTYZM\u201d. Organizuje tak\u017ce szkolenia dla poczt\u00f3w sztandarowych szk\u00f3\u0142 z Kielc i wojew\u00f3dztwa \u015awi\u0119tokrzyskiego, organizuje wsparcie materialne dla Polak\u00f3w mieszkaj\u0105cych na Litwie, a konkretnie w Wilnie i Nowej Wilejce \u2013 przedwojennym garnizonie naszego patrona.\u00a0 Ponadto Fundacja zajmuje si\u0119 wydawnictwem prasowego dodatku historycznego do codziennej gazety Echo Dnia, wydawanego z okazji wa\u017cnych rocznic pa\u0144stwowych.<\/p>\n<p>Cz\u0142onkowie Szwadronu i sekcji historycznej posiadaj\u0105 du\u017cy zbi\u00f3r replik uzbrojenia i wyposa\u017cenia Wojska Polskiego oraz du\u017c\u0105\u00a0 kolekcj\u0119 ksi\u0105\u017cek i ikonografii z epoki. W nied\u0142ugim czasie zostanie uruchomiona Szko\u0142a Podchor\u0105\u017cych Rezerwy Kawalerii Ochotniczej dla m\u0142odych m\u0119\u017cczyzn, w wieku 16-25 lat oraz Centralny O\u015brodek Wyszkolenia Kawalerii.<\/p>\n<p>Profesjonalizm Kieleckiego Szwadronu Kawalerii zosta\u0142 doceniony przez wiele samorz\u0105d\u00f3w lokalnych i instytucji w Polsce, kt\u00f3re wielokrotnie zaprasza\u0142y kieleckich u\u0142an\u00f3w do udzia\u0142u w pokazach i uroczysto\u015bciach pa\u0144stwowych. Cz\u0142onkowie Szwadronu uczestniczyli tak\u017ce w produkcjach filmowych i telewizyjnych.<\/p>\n<p>Fundacja \u015bci\u015ble wsp\u00f3\u0142pracuje z wieloma znanymi i cenionymi w Polsce Stowarzyszeniami kawaleryjskimi i instytucjami m.in. \u00a0Urz\u0119dem Marsza\u0142kowskim Wojew\u00f3dztwa \u015awi\u0119tokrzyskiego, \u015awi\u0119tokrzyskim Urz\u0119dem Wojew\u00f3dzkim, Urz\u0119dem Miasta Kielce, Kuratorium O\u015bwiaty w Kielcach, Centrum Przygotowa\u0144 do Misji Pokojowych w Kielcach, 18 Dywizj\u0105 Zmechanizowan\u0105 im. gen. Tadeusza Buka, 25 Brygad\u0105 Kawalerii Powietrznej im. ksi\u0119cia J\u00f3zefa Poniatowskiego, 10 \u015awi\u0119tokrzysk\u0105 Brygad\u0105 Obrony Terytorialnej im. mjr. Eugeniusza Gedymina Kaszy\u0144skiego, ps. \u201eNurt\u201d Delegatur\u0105 Instytutu Pami\u0119ci Narodowej w Kielcach, Wojew\u00f3dzkim Domem Kultury im. J\u00f3zefa Pi\u0142sudskiego w Kielcach oraz z wieloma znanymi autorytetami \u015bwiata kultury i polityki.<\/p>\n<p>&nbsp;<\/p>\n<p>Mamy nadziej\u0119, \u017ce te kilka minut po\u015bwi\u0119cone temu tekstowi, pozwoli\u0142o Czytelnikowi\u00a0 zrozumie\u0107 ide\u0119 jaka przy\u015bwieca\u0142a i jest wci\u0105\u017c aktualna dla tw\u00f3rc\u00f3w kieleckiej\u00a0 formacji kawaleryjskiej, kt\u00f3ra jako jedyna w Polsce mo\u017ce szczyci\u0107 si\u0119 prawem do kontynuacji tradycji bojowych jednego z najstarszych pu\u0142k\u00f3w Kawalerii Polskiej II RP jakim by\u0142\u00a0 13. Pu\u0142ku U\u0142an\u00f3w Wile\u0144skich z Nowej Wilejki.[\/vc_column_text][\/vc_column][\/vc_row]<\/p>\n","protected":false},"excerpt":{"rendered":"<p>[vc_row][vc_column][vc_column_text uncode_shortcode_id=&#8221;990809&#8243;]Serdecznie witamy na stronie po\u015bwi\u0119conej historii 13. Pu\u0142ku U\u0142an\u00f3w Wile\u0144skich i jego spadkobiercy \u2013 Kieleckiemu Szwadronowi Kawalerii. Zamieszczone informacje, [&hellip;]<\/p>\n","protected":false},"author":1,"featured_media":0,"parent":0,"menu_order":0,"comment_status":"closed","ping_status":"closed","template":"","meta":{"footnotes":""},"class_list":["post-103768","page","type-page","status-publish","hentry"],"_links":{"self":[{"href":"http:\/\/trzynasty.pl\/index.php\/wp-json\/wp\/v2\/pages\/103768","targetHints":{"allow":["GET"]}}],"collection":[{"href":"http:\/\/trzynasty.pl\/index.php\/wp-json\/wp\/v2\/pages"}],"about":[{"href":"http:\/\/trzynasty.pl\/index.php\/wp-json\/wp\/v2\/types\/page"}],"author":[{"embeddable":true,"href":"http:\/\/trzynasty.pl\/index.php\/wp-json\/wp\/v2\/users\/1"}],"replies":[{"embeddable":true,"href":"http:\/\/trzynasty.pl\/index.php\/wp-json\/wp\/v2\/comments?post=103768"}],"version-history":[{"count":3,"href":"http:\/\/trzynasty.pl\/index.php\/wp-json\/wp\/v2\/pages\/103768\/revisions"}],"predecessor-version":[{"id":103770,"href":"http:\/\/trzynasty.pl\/index.php\/wp-json\/wp\/v2\/pages\/103768\/revisions\/103770"}],"wp:attachment":[{"href":"http:\/\/trzynasty.pl\/index.php\/wp-json\/wp\/v2\/media?parent=103768"}],"curies":[{"name":"wp","href":"https:\/\/api.w.org\/{rel}","templated":true}]}}