{"id":103710,"date":"2022-01-14T13:24:28","date_gmt":"2022-01-14T12:24:28","guid":{"rendered":"http:\/\/trzynasty.pl\/?page_id=103710"},"modified":"2022-01-14T13:24:28","modified_gmt":"2022-01-14T12:24:28","slug":"garnizony","status":"publish","type":"page","link":"http:\/\/trzynasty.pl\/index.php\/garnizony\/","title":{"rendered":"GARNIZONY"},"content":{"rendered":"<p>[vc_row][vc_column][vc_column_text uncode_shortcode_id=&#8221;564963&#8243;]<strong>GARNIZONY 13. PU\u0141KU U\u0141AN\u00d3W WILE\u0143SKICH<\/strong><\/p>\n<ul>\n<li>1918- 1920 Wilno<\/li>\n<li>1921-1922 rejon miasta G\u0142\u0119bokie<\/li>\n<li>1922-1939 Nowa Wilejka (dzielnica Wilna)<\/li>\n<\/ul>\n<p>[\/vc_column_text][\/vc_column][\/vc_row]<\/p>\n","protected":false},"excerpt":{"rendered":"<p>[vc_row][vc_column][vc_column_text uncode_shortcode_id=&#8221;564963&#8243;]GARNIZONY 13. PU\u0141KU U\u0141AN\u00d3W WILE\u0143SKICH 1918- 1920 Wilno 1921-1922 rejon miasta G\u0142\u0119bokie 1922-1939 Nowa Wilejka (dzielnica Wilna) [\/vc_column_text][\/vc_column][\/vc_row]<\/p>\n","protected":false},"author":1,"featured_media":0,"parent":0,"menu_order":0,"comment_status":"closed","ping_status":"closed","template":"","meta":{"footnotes":""},"class_list":["post-103710","page","type-page","status-publish","hentry"],"_links":{"self":[{"href":"http:\/\/trzynasty.pl\/index.php\/wp-json\/wp\/v2\/pages\/103710","targetHints":{"allow":["GET"]}}],"collection":[{"href":"http:\/\/trzynasty.pl\/index.php\/wp-json\/wp\/v2\/pages"}],"about":[{"href":"http:\/\/trzynasty.pl\/index.php\/wp-json\/wp\/v2\/types\/page"}],"author":[{"embeddable":true,"href":"http:\/\/trzynasty.pl\/index.php\/wp-json\/wp\/v2\/users\/1"}],"replies":[{"embeddable":true,"href":"http:\/\/trzynasty.pl\/index.php\/wp-json\/wp\/v2\/comments?post=103710"}],"version-history":[{"count":2,"href":"http:\/\/trzynasty.pl\/index.php\/wp-json\/wp\/v2\/pages\/103710\/revisions"}],"predecessor-version":[{"id":103712,"href":"http:\/\/trzynasty.pl\/index.php\/wp-json\/wp\/v2\/pages\/103710\/revisions\/103712"}],"wp:attachment":[{"href":"http:\/\/trzynasty.pl\/index.php\/wp-json\/wp\/v2\/media?parent=103710"}],"curies":[{"name":"wp","href":"https:\/\/api.w.org\/{rel}","templated":true}]}}