{"id":103569,"date":"2022-01-10T14:23:06","date_gmt":"2022-01-10T13:23:06","guid":{"rendered":"http:\/\/trzynasty.pl\/?page_id=103569"},"modified":"2022-01-14T13:18:51","modified_gmt":"2022-01-14T12:18:51","slug":"kontakt","status":"publish","type":"page","link":"http:\/\/trzynasty.pl\/index.php\/kontakt\/","title":{"rendered":"Kontakt"},"content":{"rendered":"<p>[vc_row][vc_column width=&#8221;1\/1&#8243;][vc_empty_space empty_h=&#8221;2&#8243;][\/vc_column][\/vc_row][vc_row row_height_percent=&#8221;0&#8243; override_padding=&#8221;yes&#8221; h_padding=&#8221;2&#8243; top_padding=&#8221;0&#8243; bottom_padding=&#8221;5&#8243; overlay_alpha=&#8221;50&#8243; gutter_size=&#8221;4&#8243; column_width_percent=&#8221;100&#8243; shift_y=&#8221;0&#8243; z_index=&#8221;0&#8243;][vc_column column_width_percent=&#8221;100&#8243; gutter_size=&#8221;2&#8243; font_family=&#8221;font-136269&#8243; overlay_alpha=&#8221;50&#8243; shift_x=&#8221;0&#8243; shift_y=&#8221;0&#8243; shift_y_down=&#8221;0&#8243; z_index=&#8221;0&#8243; medium_width=&#8221;3&#8243; mobile_width=&#8221;0&#8243; width=&#8221;1\/3&#8243; uncode_shortcode_id=&#8221;201812&#8243;][vc_custom_heading heading_semantic=&#8221;h3&#8243; text_font=&#8221;font-136269&#8243; text_size=&#8221;h3&#8243; text_weight=&#8221;500&#8243; text_height=&#8221;fontheight-357766&#8243; uncode_shortcode_id=&#8221;171537&#8243;]Kontakt.[\/vc_custom_heading][vc_column_text text_lead=&#8221;yes&#8221; uncode_shortcode_id=&#8221;192830&#8243;]<strong>Kielecki Ochotniczy Szwadron Kawalerii<\/strong><br \/>\n<strong>im. 13. Pu\u0142ku U\u0142an\u00f3w Wile\u0144skich<\/strong><\/p>\n<p>25-033 Kielce<br \/>\nKs. P. \u015aciegiennego 2 (Budynek Wojew\u00f3dzkiego Domu Kultury im. J\u00f3zefa Pi\u0142sudskiego)[\/vc_column_text][vc_empty_space][vc_custom_heading heading_semantic=&#8221;h3&#8243; text_font=&#8221;font-136269&#8243; text_size=&#8221;h3&#8243; text_weight=&#8221;500&#8243; text_height=&#8221;fontheight-357766&#8243; uncode_shortcode_id=&#8221;456044&#8243;]Telefon[\/vc_custom_heading][vc_column_text text_lead=&#8221;yes&#8221; uncode_shortcode_id=&#8221;657424&#8243;]<strong>tel. kom.<\/strong> 661-174-541<br \/>\n<strong>tel.\/fax<\/strong> 41 361-83-81[\/vc_column_text][vc_column_text text_lead=&#8221;yes&#8221; uncode_shortcode_id=&#8221;225884&#8243;]<strong>KRS:<\/strong> 0000312978.<br \/>\n<strong>REGON:<\/strong> 260253580<br \/>\n<strong>NIP:<\/strong> 657-280-31-11<br \/>\n<strong>Konto bankowe:<\/strong> 80 1090 2040 0000 0001 1019 7691[\/vc_column_text][\/vc_column][vc_column column_width_percent=&#8221;100&#8243; gutter_size=&#8221;2&#8243; font_family=&#8221;font-136269&#8243; overlay_alpha=&#8221;50&#8243; shift_x=&#8221;0&#8243; shift_y=&#8221;0&#8243; shift_y_down=&#8221;0&#8243; z_index=&#8221;0&#8243; medium_width=&#8221;5&#8243; mobile_width=&#8221;0&#8243; width=&#8221;2\/3&#8243; uncode_shortcode_id=&#8221;397089&#8243;]<div role=\"form\" class=\"wpcf7\" id=\"wpcf7-f10131-o1\" lang=\"en-US\" dir=\"ltr\">\n<div class=\"screen-reader-response\"><p role=\"status\" aria-live=\"polite\" aria-atomic=\"true\"><\/p> <ul><\/ul><\/div>\n<form action=\"\/index.php\/wp-json\/wp\/v2\/pages\/103569#wpcf7-f10131-o1\" method=\"post\" class=\"wpcf7-form init input-background form-no-labels\" novalidate=\"novalidate\" data-status=\"init\">\n<div style=\"display: none;\">\n<input type=\"hidden\" name=\"_wpcf7\" value=\"10131\" \/>\n<input type=\"hidden\" name=\"_wpcf7_version\" value=\"5.5.3\" \/>\n<input type=\"hidden\" name=\"_wpcf7_locale\" value=\"en_US\" \/>\n<input type=\"hidden\" name=\"_wpcf7_unit_tag\" value=\"wpcf7-f10131-o1\" \/>\n<input type=\"hidden\" name=\"_wpcf7_container_post\" value=\"0\" \/>\n<input type=\"hidden\" name=\"_wpcf7_posted_data_hash\" value=\"\" \/>\n<\/div>\n<div class=\"wpcf7-inline-wrapper\">\n<p class=\"wpcf7-inline-field\"><label for=\"First-name\" class=\"wpcf7-inline-field\">Name*<\/label><br \/>\n<span class=\"wpcf7-form-control-wrap first-name\"><input type=\"text\" name=\"first-name\" value=\"\" size=\"40\" class=\"wpcf7-form-control wpcf7-text wpcf7-validates-as-required\" id=\"first-name\" aria-required=\"true\" aria-invalid=\"false\" placeholder=\"Imi\u0119 i Nazwisko\" \/><\/span><\/p>\n<p class=\"wpcf7-inline-field\"><label for=\"email\" class=\"wpcf7-inline-field\">Email*<\/label><br \/>\n<span class=\"wpcf7-form-control-wrap email\"><input type=\"email\" name=\"email\" value=\"\" size=\"40\" class=\"wpcf7-form-control wpcf7-text wpcf7-email wpcf7-validates-as-required wpcf7-validates-as-email\" id=\"email\" aria-required=\"true\" aria-invalid=\"false\" placeholder=\"Email\" \/><\/span><\/p>\n<\/div>\n<p class=\"wpcf7-inline-wide\"><label for=\"Subject\" class=\"wpcf7-inline-field\">Subject<\/label><br \/>\n<span class=\"wpcf7-form-control-wrap subject\"><input type=\"text\" name=\"subject\" value=\"\" size=\"40\" class=\"wpcf7-form-control wpcf7-text\" id=\"subject\" aria-invalid=\"false\" placeholder=\"Temat\" \/><\/span><\/p>\n<p><label for=\"your-message\">Your Message<\/label><br \/>\n<span class=\"wpcf7-form-control-wrap your-message\"><textarea name=\"your-message\" cols=\"40\" rows=\"10\" class=\"wpcf7-form-control wpcf7-textarea\" id=\"your-message\" aria-invalid=\"false\" placeholder=\"Wiadomo\u015b\u0107\"><\/textarea><\/span><\/p>\n<p><span class=\"wpcf7-form-control-wrap accept-this-1\"><span class=\"wpcf7-form-control wpcf7-acceptance\"><span class=\"wpcf7-list-item\"><label><input type=\"checkbox\" name=\"accept-this-1\" value=\"1\" aria-invalid=\"false\" \/><span class=\"wpcf7-list-item-label\">Akceptuje regulamin (<a href=\"#\">Privacy Policy<\/a>)<\/span><\/label><\/span><\/span><\/span><\/p>\n<p><input type=\"submit\" value=\"Wy\u015blij\" class=\"wpcf7-form-control has-spinner wpcf7-submit btn btn-default btn-block btn-lg btn-circle btn-inherit font-weight-500\" \/><\/p>\n<div class=\"wpcf7-response-output\" aria-hidden=\"true\"><\/div><\/form><\/div>[\/vc_column][\/vc_row]<\/p>\n","protected":false},"excerpt":{"rendered":"<p>[vc_row][vc_column width=&#8221;1\/1&#8243;][vc_empty_space empty_h=&#8221;2&#8243;][\/vc_column][\/vc_row][vc_row row_height_percent=&#8221;0&#8243; override_padding=&#8221;yes&#8221; h_padding=&#8221;2&#8243; top_padding=&#8221;0&#8243; bottom_padding=&#8221;5&#8243; overlay_alpha=&#8221;50&#8243; gutter_size=&#8221;4&#8243; column_width_percent=&#8221;100&#8243; shift_y=&#8221;0&#8243; z_index=&#8221;0&#8243;][vc_column column_width_percent=&#8221;100&#8243; gutter_size=&#8221;2&#8243; font_family=&#8221;font-136269&#8243; overlay_alpha=&#8221;50&#8243; shift_x=&#8221;0&#8243; shift_y=&#8221;0&#8243; shift_y_down=&#8221;0&#8243; [&hellip;]<\/p>\n","protected":false},"author":1,"featured_media":0,"parent":0,"menu_order":0,"comment_status":"closed","ping_status":"closed","template":"","meta":{"footnotes":""},"class_list":["post-103569","page","type-page","status-publish","hentry"],"_links":{"self":[{"href":"http:\/\/trzynasty.pl\/index.php\/wp-json\/wp\/v2\/pages\/103569","targetHints":{"allow":["GET"]}}],"collection":[{"href":"http:\/\/trzynasty.pl\/index.php\/wp-json\/wp\/v2\/pages"}],"about":[{"href":"http:\/\/trzynasty.pl\/index.php\/wp-json\/wp\/v2\/types\/page"}],"author":[{"embeddable":true,"href":"http:\/\/trzynasty.pl\/index.php\/wp-json\/wp\/v2\/users\/1"}],"replies":[{"embeddable":true,"href":"http:\/\/trzynasty.pl\/index.php\/wp-json\/wp\/v2\/comments?post=103569"}],"version-history":[{"count":10,"href":"http:\/\/trzynasty.pl\/index.php\/wp-json\/wp\/v2\/pages\/103569\/revisions"}],"predecessor-version":[{"id":103666,"href":"http:\/\/trzynasty.pl\/index.php\/wp-json\/wp\/v2\/pages\/103569\/revisions\/103666"}],"wp:attachment":[{"href":"http:\/\/trzynasty.pl\/index.php\/wp-json\/wp\/v2\/media?parent=103569"}],"curies":[{"name":"wp","href":"https:\/\/api.w.org\/{rel}","templated":true}]}}